{"id":567,"date":"2019-07-23T11:28:49","date_gmt":"2019-07-23T11:28:49","guid":{"rendered":"http:\/\/fw-wbl.feuerwehr-weinboehla.de\/?page_id=567"},"modified":"2020-02-12T05:30:23","modified_gmt":"2020-02-12T05:30:23","slug":"einsatz-50-2019","status":"publish","type":"page","link":"https:\/\/feuerwehr-weinboehla.de\/?page_id=567","title":{"rendered":"Einsatz 50 &#8211; 2019"},"content":{"rendered":"\n<figure class=\"wp-block-table is-style-stripes\"><table class=\"has-subtle-light-gray-background-color has-fixed-layout has-background\"><tbody><tr><td>Einsatzart<\/td><td>Brand<\/td><\/tr><tr><td>Einsatzstichwort<\/td><td>Haus<\/td><\/tr><tr><td>Einsatzort<\/td><td>Marienstra\u00dfe<\/td><\/tr><tr><td>Einsatzbeginn<\/td><td>22.05.2019 17:56<\/td><\/tr><tr><td>Einsatzende<\/td><td>22.05.2019 20:00<\/td><\/tr><tr><td>Einsatzkr\u00e4fte<\/td><td>19<\/td><\/tr><tr><td>Fahrzeuge<\/td><td>KdoW, LF, TLF, TLK<\/td><\/tr><tr><td>Weitere Kr\u00e4fte<\/td><td>FF Niederau, FF Gro\u00dfdobritz<\/td><\/tr><tr><td>Einsatzbericht<\/td><td>Brand in einem Wohnhaus,Geb\u00e4ude komplett verraucht, mehrere Trupps unter Atemschutz im Einsatz, Person aus Geb\u00e4ude gerettet und an Rettungsdienst \u00fcbergeben, Geb\u00e4ude bel\u00fcftet<\/td><\/tr><tr><td>Links<\/td><td>&#8212;<\/td><\/tr><\/tbody><\/table><\/figure>\n\n\n\n<iframe loading=\"lazy\" src=\"https:\/\/www.google.com\/maps\/embed?pb=!1m18!1m12!1m3!1d822.5900363074946!2d13.561982746184942!3d51.16879074739136!2m3!1f0!2f0!3f0!3m2!1i1024!2i768!4f13.1!3m3!1m2!1s0x4709d415346feb7b%3A0xe499d42d51cfbe66!2sMarienstra%C3%9Fe%2C+01689+Weinb%C3%B6hla!5e1!3m2!1sde!2sde!4v1563881312651!5m2!1sde!2sde\" style=\"border:0\" allowfullscreen=\"\" width=\"600\" height=\"450\" frameborder=\"0\"><\/iframe>\n","protected":false},"excerpt":{"rendered":"<p>Einsatzart Brand Einsatzstichwort Haus Einsatzort Marienstra\u00dfe Einsatzbeginn 22.05.2019 17:56 Einsatzende 22.05.2019 20:00 Einsatzkr\u00e4fte 19 Fahrzeuge KdoW, LF, TLF, TLK Weitere Kr\u00e4fte FF Niederau, FF Gro\u00dfdobritz Einsatzbericht Brand in einem Wohnhaus,Geb\u00e4ude komplett verraucht, mehrere Trupps unter Atemschutz im Einsatz, Person aus Geb\u00e4ude gerettet und an Rettungsdienst \u00fcbergeben, Geb\u00e4ude bel\u00fcftet Links &#8212;<\/p>\n","protected":false},"author":1,"featured_media":0,"parent":0,"menu_order":0,"comment_status":"closed","ping_status":"closed","template":"","meta":{"footnotes":""},"class_list":["post-567","page","type-page","status-publish","hentry"],"_links":{"self":[{"href":"https:\/\/feuerwehr-weinboehla.de\/index.php?rest_route=\/wp\/v2\/pages\/567","targetHints":{"allow":["GET"]}}],"collection":[{"href":"https:\/\/feuerwehr-weinboehla.de\/index.php?rest_route=\/wp\/v2\/pages"}],"about":[{"href":"https:\/\/feuerwehr-weinboehla.de\/index.php?rest_route=\/wp\/v2\/types\/page"}],"author":[{"embeddable":true,"href":"https:\/\/feuerwehr-weinboehla.de\/index.php?rest_route=\/wp\/v2\/users\/1"}],"replies":[{"embeddable":true,"href":"https:\/\/feuerwehr-weinboehla.de\/index.php?rest_route=%2Fwp%2Fv2%2Fcomments&post=567"}],"version-history":[{"count":2,"href":"https:\/\/feuerwehr-weinboehla.de\/index.php?rest_route=\/wp\/v2\/pages\/567\/revisions"}],"predecessor-version":[{"id":1171,"href":"https:\/\/feuerwehr-weinboehla.de\/index.php?rest_route=\/wp\/v2\/pages\/567\/revisions\/1171"}],"wp:attachment":[{"href":"https:\/\/feuerwehr-weinboehla.de\/index.php?rest_route=%2Fwp%2Fv2%2Fmedia&parent=567"}],"curies":[{"name":"wp","href":"https:\/\/api.w.org\/{rel}","templated":true}]}}