{"id":570,"date":"2019-07-23T12:06:49","date_gmt":"2019-07-23T12:06:49","guid":{"rendered":"http:\/\/fw-wbl.feuerwehr-weinboehla.de\/?page_id=570"},"modified":"2020-02-12T05:30:55","modified_gmt":"2020-02-12T05:30:55","slug":"einsatz-51-2019","status":"publish","type":"page","link":"https:\/\/feuerwehr-weinboehla.de\/?page_id=570","title":{"rendered":"Einsatz 51 &#8211; 2019"},"content":{"rendered":"\n<figure class=\"wp-block-table is-style-stripes\"><table class=\"has-subtle-light-gray-background-color has-fixed-layout has-background\"><tbody><tr><td>Einsatzart<\/td><td>Hilfeleistung<\/td><\/tr><tr><td>Einsatzstichwort<\/td><td>Gefahrgut<\/td><\/tr><tr><td>Einsatzort<\/td><td>A13 Parkplatz Finkenberg <\/td><\/tr><tr><td>Einsatzbeginn<\/td><td>23.05.2019 09:30<\/td><\/tr><tr><td>Einsatzende<\/td><td>23.05.2019 13:00<\/td><\/tr><tr><td>Einsatzkr\u00e4fte<\/td><td>2<\/td><\/tr><tr><td>Fahrzeuge<\/td><td>ELW<\/td><\/tr><tr><td>Weitere Kr\u00e4fte<\/td><td>&#8212;<\/td><\/tr><tr><td>Einsatzbericht<\/td><td>Unterst\u00fctzung der \u00f6rtlichen Einsatzleitung mit IUK Personal <\/td><\/tr><tr><td>Links<\/td><td>&#8212;<\/td><\/tr><\/tbody><\/table><\/figure>\n\n\n\n<iframe loading=\"lazy\" src=\"https:\/\/www.google.com\/maps\/embed?pb=!1m18!1m12!1m3!1d2678.489951545352!2d13.738376991004557!3d51.1945065469476!2m3!1f0!2f0!3f0!3m2!1i1024!2i768!4f13.1!3m3!1m2!1s0x4709cd430c98b3df%3A0x231b71f0e62b4ca2!2sRastplatz+Finkenberg+West!5e1!3m2!1sde!2sde!4v1563883590867!5m2!1sde!2sde\" style=\"border:0\" allowfullscreen=\"\" width=\"600\" height=\"450\" frameborder=\"0\"><\/iframe>\n","protected":false},"excerpt":{"rendered":"<p>Einsatzart Hilfeleistung Einsatzstichwort Gefahrgut Einsatzort A13 Parkplatz Finkenberg Einsatzbeginn 23.05.2019 09:30 Einsatzende 23.05.2019 13:00 Einsatzkr\u00e4fte 2 Fahrzeuge ELW Weitere Kr\u00e4fte &#8212; Einsatzbericht Unterst\u00fctzung der \u00f6rtlichen Einsatzleitung mit IUK Personal Links &#8212;<\/p>\n","protected":false},"author":1,"featured_media":0,"parent":0,"menu_order":0,"comment_status":"closed","ping_status":"closed","template":"","meta":{"footnotes":""},"class_list":["post-570","page","type-page","status-publish","hentry"],"_links":{"self":[{"href":"https:\/\/feuerwehr-weinboehla.de\/index.php?rest_route=\/wp\/v2\/pages\/570","targetHints":{"allow":["GET"]}}],"collection":[{"href":"https:\/\/feuerwehr-weinboehla.de\/index.php?rest_route=\/wp\/v2\/pages"}],"about":[{"href":"https:\/\/feuerwehr-weinboehla.de\/index.php?rest_route=\/wp\/v2\/types\/page"}],"author":[{"embeddable":true,"href":"https:\/\/feuerwehr-weinboehla.de\/index.php?rest_route=\/wp\/v2\/users\/1"}],"replies":[{"embeddable":true,"href":"https:\/\/feuerwehr-weinboehla.de\/index.php?rest_route=%2Fwp%2Fv2%2Fcomments&post=570"}],"version-history":[{"count":2,"href":"https:\/\/feuerwehr-weinboehla.de\/index.php?rest_route=\/wp\/v2\/pages\/570\/revisions"}],"predecessor-version":[{"id":1172,"href":"https:\/\/feuerwehr-weinboehla.de\/index.php?rest_route=\/wp\/v2\/pages\/570\/revisions\/1172"}],"wp:attachment":[{"href":"https:\/\/feuerwehr-weinboehla.de\/index.php?rest_route=%2Fwp%2Fv2%2Fmedia&parent=570"}],"curies":[{"name":"wp","href":"https:\/\/api.w.org\/{rel}","templated":true}]}}