{"id":582,"date":"2019-07-23T12:14:57","date_gmt":"2019-07-23T12:14:57","guid":{"rendered":"http:\/\/fw-wbl.feuerwehr-weinboehla.de\/?page_id=582"},"modified":"2020-02-12T05:32:38","modified_gmt":"2020-02-12T05:32:38","slug":"einsatz-55-2019","status":"publish","type":"page","link":"https:\/\/feuerwehr-weinboehla.de\/?page_id=582","title":{"rendered":"Einsatz 56 &#8211; 2019"},"content":{"rendered":"\n<figure class=\"wp-block-table is-style-stripes\"><table class=\"has-subtle-light-gray-background-color has-fixed-layout has-background\"><tbody><tr><td>Einsatzart<\/td><td>Brand<\/td><\/tr><tr><td>Einsatzstichwort<\/td><td>Brandgeruch<\/td><\/tr><tr><td>Einsatzort<\/td><td>Waldweg<\/td><\/tr><tr><td>Einsatzbeginn<\/td><td>02.06.2019 09:40<\/td><\/tr><tr><td>Einsatzende<\/td><td>02.06.2019 10:25<\/td><\/tr><tr><td>Einsatzkr\u00e4fte<\/td><td>11<\/td><\/tr><tr><td>Fahrzeuge<\/td><td>LF, TLF, KdoW<\/td><\/tr><tr><td>Weitere Kr\u00e4fte<\/td><td>&#8212;<\/td><\/tr><tr><td>Einsatzbericht<\/td><td>betreffendes Waldst\u00fcck wurde abgesucht, es konnte keine Feststellung gemacht werden<\/td><\/tr><tr><td>Links<\/td><td>&#8212;<\/td><\/tr><\/tbody><\/table><\/figure>\n\n\n\n<iframe loading=\"lazy\" src=\"https:\/\/www.google.com\/maps\/embed?pb=!1m18!1m12!1m3!1d5218.2121215443985!2d13.600886129572883!3d51.16842029910974!2m3!1f0!2f0!3f0!3m2!1i1024!2i768!4f13.1!3m3!1m2!1s0x4709d38dee008da5%3A0x1a241f77b093d553!2sWaldweg%2C+01689+Weinb%C3%B6hla!5e1!3m2!1sde!2sde!4v1563884088017!5m2!1sde!2sde\" style=\"border:0\" allowfullscreen=\"\" width=\"600\" height=\"450\" frameborder=\"0\"><\/iframe>\n","protected":false},"excerpt":{"rendered":"<p>Einsatzart Brand Einsatzstichwort Brandgeruch Einsatzort Waldweg Einsatzbeginn 02.06.2019 09:40 Einsatzende 02.06.2019 10:25 Einsatzkr\u00e4fte 11 Fahrzeuge LF, TLF, KdoW Weitere Kr\u00e4fte &#8212; Einsatzbericht betreffendes Waldst\u00fcck wurde abgesucht, es konnte keine Feststellung gemacht werden Links &#8212;<\/p>\n","protected":false},"author":1,"featured_media":0,"parent":0,"menu_order":0,"comment_status":"closed","ping_status":"closed","template":"","meta":{"footnotes":""},"class_list":["post-582","page","type-page","status-publish","hentry"],"_links":{"self":[{"href":"https:\/\/feuerwehr-weinboehla.de\/index.php?rest_route=\/wp\/v2\/pages\/582","targetHints":{"allow":["GET"]}}],"collection":[{"href":"https:\/\/feuerwehr-weinboehla.de\/index.php?rest_route=\/wp\/v2\/pages"}],"about":[{"href":"https:\/\/feuerwehr-weinboehla.de\/index.php?rest_route=\/wp\/v2\/types\/page"}],"author":[{"embeddable":true,"href":"https:\/\/feuerwehr-weinboehla.de\/index.php?rest_route=\/wp\/v2\/users\/1"}],"replies":[{"embeddable":true,"href":"https:\/\/feuerwehr-weinboehla.de\/index.php?rest_route=%2Fwp%2Fv2%2Fcomments&post=582"}],"version-history":[{"count":3,"href":"https:\/\/feuerwehr-weinboehla.de\/index.php?rest_route=\/wp\/v2\/pages\/582\/revisions"}],"predecessor-version":[{"id":1176,"href":"https:\/\/feuerwehr-weinboehla.de\/index.php?rest_route=\/wp\/v2\/pages\/582\/revisions\/1176"}],"wp:attachment":[{"href":"https:\/\/feuerwehr-weinboehla.de\/index.php?rest_route=%2Fwp%2Fv2%2Fmedia&parent=582"}],"curies":[{"name":"wp","href":"https:\/\/api.w.org\/{rel}","templated":true}]}}