{"id":600,"date":"2019-07-23T12:25:49","date_gmt":"2019-07-23T12:25:49","guid":{"rendered":"http:\/\/fw-wbl.feuerwehr-weinboehla.de\/?page_id=600"},"modified":"2020-02-12T05:34:18","modified_gmt":"2020-02-12T05:34:18","slug":"einsatz-59-2019","status":"publish","type":"page","link":"https:\/\/feuerwehr-weinboehla.de\/?page_id=600","title":{"rendered":"Einsatz 60 &#8211; 2019"},"content":{"rendered":"\n<figure class=\"wp-block-table is-style-stripes\"><table class=\"has-subtle-light-gray-background-color has-fixed-layout has-background\"><tbody><tr><td>Einsatzart<\/td><td>Brand <\/td><\/tr><tr><td>Einsatzstichwort<\/td><td>Brandgeruch<\/td><\/tr><tr><td>Einsatzort<\/td><td>Zwischenweg<\/td><\/tr><tr><td>Einsatzbeginn<\/td><td>08.06.2019 17:29<\/td><\/tr><tr><td>Einsatzende<\/td><td>08.06.2019 18:29<\/td><\/tr><tr><td>Einsatzkr\u00e4fte<\/td><td>1<\/td><\/tr><tr><td>Fahrzeuge<\/td><td>KdoW<\/td><\/tr><tr><td>Weitere Kr\u00e4fte<\/td><td>FF Mei\u00dfen, FF Niederau<\/td><\/tr><tr><td>Einsatzbericht<\/td><td>betreffendes Waldst\u00fcck wurde abgesucht, es konnte keine Feststellung gemacht werden<\/td><\/tr><tr><td>Links<\/td><td>&#8212;<\/td><\/tr><\/tbody><\/table><\/figure>\n\n\n\n<iframe loading=\"lazy\" src=\"https:\/\/www.google.com\/maps\/embed?pb=!1m18!1m12!1m3!1d3082.9477334005815!2d13.595198527460733!3d51.15153324201881!2m3!1f0!2f0!3f0!3m2!1i1024!2i768!4f13.1!3m3!1m2!1s0x4709d3e523eb0c6f%3A0xa6bf527c81af1762!2sZwischenweg%2C+01689+Weinb%C3%B6hla!5e1!3m2!1sde!2sde!4v1563884712199!5m2!1sde!2sde\" style=\"border:0\" allowfullscreen=\"\" width=\"600\" height=\"450\" frameborder=\"0\"><\/iframe>\n","protected":false},"excerpt":{"rendered":"<p>Einsatzart Brand Einsatzstichwort Brandgeruch Einsatzort Zwischenweg Einsatzbeginn 08.06.2019 17:29 Einsatzende 08.06.2019 18:29 Einsatzkr\u00e4fte 1 Fahrzeuge KdoW Weitere Kr\u00e4fte FF Mei\u00dfen, FF Niederau Einsatzbericht betreffendes Waldst\u00fcck wurde abgesucht, es konnte keine Feststellung gemacht werden Links &#8212;<\/p>\n","protected":false},"author":1,"featured_media":0,"parent":0,"menu_order":0,"comment_status":"closed","ping_status":"closed","template":"","meta":{"footnotes":""},"class_list":["post-600","page","type-page","status-publish","hentry"],"_links":{"self":[{"href":"https:\/\/feuerwehr-weinboehla.de\/index.php?rest_route=\/wp\/v2\/pages\/600","targetHints":{"allow":["GET"]}}],"collection":[{"href":"https:\/\/feuerwehr-weinboehla.de\/index.php?rest_route=\/wp\/v2\/pages"}],"about":[{"href":"https:\/\/feuerwehr-weinboehla.de\/index.php?rest_route=\/wp\/v2\/types\/page"}],"author":[{"embeddable":true,"href":"https:\/\/feuerwehr-weinboehla.de\/index.php?rest_route=\/wp\/v2\/users\/1"}],"replies":[{"embeddable":true,"href":"https:\/\/feuerwehr-weinboehla.de\/index.php?rest_route=%2Fwp%2Fv2%2Fcomments&post=600"}],"version-history":[{"count":3,"href":"https:\/\/feuerwehr-weinboehla.de\/index.php?rest_route=\/wp\/v2\/pages\/600\/revisions"}],"predecessor-version":[{"id":1180,"href":"https:\/\/feuerwehr-weinboehla.de\/index.php?rest_route=\/wp\/v2\/pages\/600\/revisions\/1180"}],"wp:attachment":[{"href":"https:\/\/feuerwehr-weinboehla.de\/index.php?rest_route=%2Fwp%2Fv2%2Fmedia&parent=600"}],"curies":[{"name":"wp","href":"https:\/\/api.w.org\/{rel}","templated":true}]}}