{"id":631,"date":"2019-07-23T12:54:34","date_gmt":"2019-07-23T12:54:34","guid":{"rendered":"http:\/\/fw-wbl.feuerwehr-weinboehla.de\/?page_id=631"},"modified":"2020-09-10T06:49:10","modified_gmt":"2020-09-10T06:49:10","slug":"einsatz-66-2019","status":"publish","type":"page","link":"https:\/\/feuerwehr-weinboehla.de\/?page_id=631","title":{"rendered":"Einsatz 66 &#8211; 2019"},"content":{"rendered":"\n<figure class=\"wp-block-table is-style-stripes\"><table class=\"has-subtle-light-gray-background-color has-fixed-layout has-background\"><tbody><tr><td>Einsatzart<\/td><td>Brand<\/td><\/tr><tr><td>Einsatzstichwort<\/td><td>M\u00fcllplatz<\/td><\/tr><tr><td>Einsatzort<\/td><td>Industriestra\u00dfe, Coswig<\/td><\/tr><tr><td>Einsatzbeginn<\/td><td>21.06.2019 21:47<\/td><\/tr><tr><td>Einsatzende<\/td><td>21.06.2019 23:55<\/td><\/tr><tr><td>Einsatzkr\u00e4fte<\/td><td>19<\/td><\/tr><tr><td>Fahrzeuge<\/td><td>LF, TLF; TLK<\/td><\/tr><tr><td>Weitere Kr\u00e4fte<\/td><td>&#8212;<\/td><\/tr><tr><td>Einsatzbericht<\/td><td>Unterst\u00fctzung Feuerwehr Coswig beim Brand eines M\u00fcllhaufens <\/td><\/tr><tr><td>Links<\/td><td>&#8212;<\/td><\/tr><\/tbody><\/table><\/figure>\n\n\n\n<iframe loading=\"lazy\" src=\"https:\/\/www.google.com\/maps\/embed?pb=!1m18!1m12!1m3!1d3092.497174448485!2d13.56660899226265!3d51.133745424757734!2m3!1f0!2f0!3f0!3m2!1i1024!2i768!4f13.1!3m3!1m2!1s0x4709d6b37fc79f3b%3A0x4b288b0e7e3c9bde!2sIndustriestra%C3%9Fe%2C+01640+Coswig!5e1!3m2!1sde!2sde!4v1563886396818!5m2!1sde!2sde\" style=\"border:0\" allowfullscreen=\"\" width=\"600\" height=\"450\" frameborder=\"0\"><\/iframe>\n\n\n\n<figure class=\"wp-block-image\"><img loading=\"lazy\" decoding=\"async\" width=\"1024\" height=\"768\" src=\"http:\/\/fw-wbl.feuerwehr-weinboehla.de\/wp-content\/uploads\/2019\/07\/20190622_042240000_iOS-1024x768.jpg\" alt=\"\" class=\"wp-image-632\" srcset=\"https:\/\/feuerwehr-weinboehla.de\/wp-content\/uploads\/2019\/07\/20190622_042240000_iOS-1024x768.jpg 1024w, https:\/\/feuerwehr-weinboehla.de\/wp-content\/uploads\/2019\/07\/20190622_042240000_iOS-300x225.jpg 300w, https:\/\/feuerwehr-weinboehla.de\/wp-content\/uploads\/2019\/07\/20190622_042240000_iOS-768x576.jpg 768w, https:\/\/feuerwehr-weinboehla.de\/wp-content\/uploads\/2019\/07\/20190622_042240000_iOS.jpg 1600w\" sizes=\"auto, (max-width: 767px) 89vw, (max-width: 1000px) 54vw, (max-width: 1071px) 543px, 580px\" \/><\/figure>\n\n\n\n<figure class=\"wp-block-image\"><img loading=\"lazy\" decoding=\"async\" width=\"1024\" height=\"768\" src=\"http:\/\/fw-wbl.feuerwehr-weinboehla.de\/wp-content\/uploads\/2019\/07\/20190622_042243000_iOS-1024x768.jpg\" alt=\"\" class=\"wp-image-633\" srcset=\"https:\/\/feuerwehr-weinboehla.de\/wp-content\/uploads\/2019\/07\/20190622_042243000_iOS-1024x768.jpg 1024w, https:\/\/feuerwehr-weinboehla.de\/wp-content\/uploads\/2019\/07\/20190622_042243000_iOS-300x225.jpg 300w, https:\/\/feuerwehr-weinboehla.de\/wp-content\/uploads\/2019\/07\/20190622_042243000_iOS-768x576.jpg 768w, https:\/\/feuerwehr-weinboehla.de\/wp-content\/uploads\/2019\/07\/20190622_042243000_iOS.jpg 1600w\" sizes=\"auto, (max-width: 767px) 89vw, (max-width: 1000px) 54vw, (max-width: 1071px) 543px, 580px\" \/><\/figure>\n\n\n\n<figure class=\"wp-block-image\"><img loading=\"lazy\" decoding=\"async\" width=\"1024\" height=\"576\" src=\"http:\/\/fw-wbl.feuerwehr-weinboehla.de\/wp-content\/uploads\/2019\/07\/20190622_183850000_iOS-1024x576.jpg\" alt=\"\" class=\"wp-image-634\" srcset=\"https:\/\/feuerwehr-weinboehla.de\/wp-content\/uploads\/2019\/07\/20190622_183850000_iOS-1024x576.jpg 1024w, https:\/\/feuerwehr-weinboehla.de\/wp-content\/uploads\/2019\/07\/20190622_183850000_iOS-300x169.jpg 300w, https:\/\/feuerwehr-weinboehla.de\/wp-content\/uploads\/2019\/07\/20190622_183850000_iOS-768x432.jpg 768w, https:\/\/feuerwehr-weinboehla.de\/wp-content\/uploads\/2019\/07\/20190622_183850000_iOS.jpg 1599w\" sizes=\"auto, (max-width: 767px) 89vw, (max-width: 1000px) 54vw, (max-width: 1071px) 543px, 580px\" \/><\/figure>\n\n\n\n<figure class=\"wp-block-image\"><img loading=\"lazy\" decoding=\"async\" width=\"1024\" height=\"768\" src=\"http:\/\/fw-wbl.feuerwehr-weinboehla.de\/wp-content\/uploads\/2019\/07\/20190622_042241000_iOS-1024x768.jpg\" alt=\"\" class=\"wp-image-635\" srcset=\"https:\/\/feuerwehr-weinboehla.de\/wp-content\/uploads\/2019\/07\/20190622_042241000_iOS-1024x768.jpg 1024w, https:\/\/feuerwehr-weinboehla.de\/wp-content\/uploads\/2019\/07\/20190622_042241000_iOS-300x225.jpg 300w, https:\/\/feuerwehr-weinboehla.de\/wp-content\/uploads\/2019\/07\/20190622_042241000_iOS-768x576.jpg 768w, https:\/\/feuerwehr-weinboehla.de\/wp-content\/uploads\/2019\/07\/20190622_042241000_iOS.jpg 1600w\" sizes=\"auto, (max-width: 767px) 89vw, (max-width: 1000px) 54vw, (max-width: 1071px) 543px, 580px\" \/><\/figure>\n","protected":false},"excerpt":{"rendered":"<p>Einsatzart Brand Einsatzstichwort M\u00fcllplatz Einsatzort Industriestra\u00dfe, Coswig Einsatzbeginn 21.06.2019 21:47 Einsatzende 21.06.2019 23:55 Einsatzkr\u00e4fte 19 Fahrzeuge LF, TLF; TLK Weitere Kr\u00e4fte &#8212; Einsatzbericht Unterst\u00fctzung Feuerwehr Coswig beim Brand eines M\u00fcllhaufens Links &#8212;<\/p>\n","protected":false},"author":1,"featured_media":0,"parent":0,"menu_order":0,"comment_status":"closed","ping_status":"closed","template":"","meta":{"footnotes":""},"class_list":["post-631","page","type-page","status-publish","hentry"],"_links":{"self":[{"href":"https:\/\/feuerwehr-weinboehla.de\/index.php?rest_route=\/wp\/v2\/pages\/631","targetHints":{"allow":["GET"]}}],"collection":[{"href":"https:\/\/feuerwehr-weinboehla.de\/index.php?rest_route=\/wp\/v2\/pages"}],"about":[{"href":"https:\/\/feuerwehr-weinboehla.de\/index.php?rest_route=\/wp\/v2\/types\/page"}],"author":[{"embeddable":true,"href":"https:\/\/feuerwehr-weinboehla.de\/index.php?rest_route=\/wp\/v2\/users\/1"}],"replies":[{"embeddable":true,"href":"https:\/\/feuerwehr-weinboehla.de\/index.php?rest_route=%2Fwp%2Fv2%2Fcomments&post=631"}],"version-history":[{"count":2,"href":"https:\/\/feuerwehr-weinboehla.de\/index.php?rest_route=\/wp\/v2\/pages\/631\/revisions"}],"predecessor-version":[{"id":1188,"href":"https:\/\/feuerwehr-weinboehla.de\/index.php?rest_route=\/wp\/v2\/pages\/631\/revisions\/1188"}],"wp:attachment":[{"href":"https:\/\/feuerwehr-weinboehla.de\/index.php?rest_route=%2Fwp%2Fv2%2Fmedia&parent=631"}],"curies":[{"name":"wp","href":"https:\/\/api.w.org\/{rel}","templated":true}]}}