{"id":644,"date":"2019-07-23T12:59:15","date_gmt":"2019-07-23T12:59:15","guid":{"rendered":"http:\/\/fw-wbl.feuerwehr-weinboehla.de\/?page_id=644"},"modified":"2020-02-12T05:43:18","modified_gmt":"2020-02-12T05:43:18","slug":"einsatz-69-2019","status":"publish","type":"page","link":"https:\/\/feuerwehr-weinboehla.de\/?page_id=644","title":{"rendered":"Einsatz 69 &#8211; 2019"},"content":{"rendered":"\n<figure class=\"wp-block-table is-style-stripes\"><table class=\"has-subtle-light-gray-background-color has-fixed-layout has-background\"><tbody><tr><td>Einsatzart<\/td><td>\u00dcbung<\/td><\/tr><tr><td>Einsatzstichwort<\/td><td>Brandmeldeanlage<\/td><\/tr><tr><td>Einsatzort<\/td><td>Grundschule West, Coswig<\/td><\/tr><tr><td>Einsatzbeginn<\/td><td>26.06.2019 08:13<\/td><\/tr><tr><td>Einsatzende<\/td><td>26.06.2019 09:45<\/td><\/tr><tr><td>Einsatzkr\u00e4fte<\/td><td>10<\/td><\/tr><tr><td>Fahrzeuge<\/td><td>LF, TLK<\/td><\/tr><tr><td>Weitere Kr\u00e4fte<\/td><td>&#8212;<\/td><\/tr><tr><td>Einsatzbericht<\/td><td>Unterst\u00fctzung der Feuerwehr Coswig bei einer Einsatz\u00fcbung in der Grundschule West <\/td><\/tr><tr><td>Links<\/td><td>&#8212;<\/td><\/tr><\/tbody><\/table><\/figure>\n\n\n\n<iframe loading=\"lazy\" src=\"https:\/\/www.google.com\/maps\/embed?pb=!1m18!1m12!1m3!1d3096.50073738388!2d13.581234666094065!3d51.14025282957654!2m3!1f0!2f0!3f0!3m2!1i1024!2i768!4f13.1!3m3!1m2!1s0x4171961513032fa5%3A0xe55e3aa8f3dfc8a6!2sEvangelische+Schule+Coswig!5e1!3m2!1sde!2sde!4v1563886743317!5m2!1sde!2sde\" style=\"border:0\" allowfullscreen=\"\" width=\"600\" height=\"450\" frameborder=\"0\"><\/iframe>\n","protected":false},"excerpt":{"rendered":"<p>Einsatzart \u00dcbung Einsatzstichwort Brandmeldeanlage Einsatzort Grundschule West, Coswig Einsatzbeginn 26.06.2019 08:13 Einsatzende 26.06.2019 09:45 Einsatzkr\u00e4fte 10 Fahrzeuge LF, TLK Weitere Kr\u00e4fte &#8212; Einsatzbericht Unterst\u00fctzung der Feuerwehr Coswig bei einer Einsatz\u00fcbung in der Grundschule West Links &#8212;<\/p>\n","protected":false},"author":1,"featured_media":0,"parent":0,"menu_order":0,"comment_status":"closed","ping_status":"closed","template":"","meta":{"footnotes":""},"class_list":["post-644","page","type-page","status-publish","hentry"],"_links":{"self":[{"href":"https:\/\/feuerwehr-weinboehla.de\/index.php?rest_route=\/wp\/v2\/pages\/644","targetHints":{"allow":["GET"]}}],"collection":[{"href":"https:\/\/feuerwehr-weinboehla.de\/index.php?rest_route=\/wp\/v2\/pages"}],"about":[{"href":"https:\/\/feuerwehr-weinboehla.de\/index.php?rest_route=\/wp\/v2\/types\/page"}],"author":[{"embeddable":true,"href":"https:\/\/feuerwehr-weinboehla.de\/index.php?rest_route=\/wp\/v2\/users\/1"}],"replies":[{"embeddable":true,"href":"https:\/\/feuerwehr-weinboehla.de\/index.php?rest_route=%2Fwp%2Fv2%2Fcomments&post=644"}],"version-history":[{"count":2,"href":"https:\/\/feuerwehr-weinboehla.de\/index.php?rest_route=\/wp\/v2\/pages\/644\/revisions"}],"predecessor-version":[{"id":1191,"href":"https:\/\/feuerwehr-weinboehla.de\/index.php?rest_route=\/wp\/v2\/pages\/644\/revisions\/1191"}],"wp:attachment":[{"href":"https:\/\/feuerwehr-weinboehla.de\/index.php?rest_route=%2Fwp%2Fv2%2Fmedia&parent=644"}],"curies":[{"name":"wp","href":"https:\/\/api.w.org\/{rel}","templated":true}]}}