{"id":647,"date":"2019-07-23T13:01:48","date_gmt":"2019-07-23T13:01:48","guid":{"rendered":"http:\/\/fw-wbl.feuerwehr-weinboehla.de\/?page_id=647"},"modified":"2020-02-12T05:44:27","modified_gmt":"2020-02-12T05:44:27","slug":"einsatz-70-2019","status":"publish","type":"page","link":"https:\/\/feuerwehr-weinboehla.de\/?page_id=647","title":{"rendered":"Einsatz 70 &#8211; 2019"},"content":{"rendered":"\n<figure class=\"wp-block-table is-style-stripes\"><table class=\"has-subtle-light-gray-background-color has-fixed-layout has-background\"><tbody><tr><td>Einsatzart<\/td><td>Brand<\/td><\/tr><tr><td>Einsatzstichwort<\/td><td>Wald<\/td><\/tr><tr><td>Einsatzort<\/td><td>Moritzburger Stra\u00dfe<\/td><\/tr><tr><td>Einsatzbeginn<\/td><td>27.06.2019 11:51<\/td><\/tr><tr><td>Einsatzende<\/td><td>27.06.2019 13:21<\/td><\/tr><tr><td>Einsatzkr\u00e4fte<\/td><td>11<\/td><\/tr><tr><td>Fahrzeuge<\/td><td>LF, TLF, TLK, MTW<\/td><\/tr><tr><td>Weitere Kr\u00e4fte<\/td><td>FF Niederau, FF Gro\u00dfdobritz, FF Ockrilla, FF Coswig <\/td><\/tr><tr><td>Einsatzbericht<\/td><td>vor Ort konnte keine Feststellung gemacht werden<\/td><\/tr><tr><td>Links<\/td><td>&#8212;<\/td><\/tr><\/tbody><\/table><\/figure>\n\n\n\n<iframe loading=\"lazy\" src=\"https:\/\/www.google.com\/maps\/embed?pb=!1m18!1m12!1m3!1d3094.972926137076!2d13.594711216094721!3d51.16302717957992!2m3!1f0!2f0!3f0!3m2!1i1024!2i768!4f13.1!3m3!1m2!1s0x4709d3f31392d8df%3A0x70437cc152a106c3!2sMoritzburger+Str.%2C+01689+Weinb%C3%B6hla!5e1!3m2!1sde!2sde!4v1563886886738!5m2!1sde!2sde\" style=\"border:0\" allowfullscreen=\"\" width=\"600\" height=\"450\" frameborder=\"0\"><\/iframe>\n","protected":false},"excerpt":{"rendered":"<p>Einsatzart Brand Einsatzstichwort Wald Einsatzort Moritzburger Stra\u00dfe Einsatzbeginn 27.06.2019 11:51 Einsatzende 27.06.2019 13:21 Einsatzkr\u00e4fte 11 Fahrzeuge LF, TLF, TLK, MTW Weitere Kr\u00e4fte FF Niederau, FF Gro\u00dfdobritz, FF Ockrilla, FF Coswig Einsatzbericht vor Ort konnte keine Feststellung gemacht werden Links &#8212;<\/p>\n","protected":false},"author":1,"featured_media":0,"parent":0,"menu_order":0,"comment_status":"closed","ping_status":"closed","template":"","meta":{"footnotes":""},"class_list":["post-647","page","type-page","status-publish","hentry"],"_links":{"self":[{"href":"https:\/\/feuerwehr-weinboehla.de\/index.php?rest_route=\/wp\/v2\/pages\/647","targetHints":{"allow":["GET"]}}],"collection":[{"href":"https:\/\/feuerwehr-weinboehla.de\/index.php?rest_route=\/wp\/v2\/pages"}],"about":[{"href":"https:\/\/feuerwehr-weinboehla.de\/index.php?rest_route=\/wp\/v2\/types\/page"}],"author":[{"embeddable":true,"href":"https:\/\/feuerwehr-weinboehla.de\/index.php?rest_route=\/wp\/v2\/users\/1"}],"replies":[{"embeddable":true,"href":"https:\/\/feuerwehr-weinboehla.de\/index.php?rest_route=%2Fwp%2Fv2%2Fcomments&post=647"}],"version-history":[{"count":2,"href":"https:\/\/feuerwehr-weinboehla.de\/index.php?rest_route=\/wp\/v2\/pages\/647\/revisions"}],"predecessor-version":[{"id":1194,"href":"https:\/\/feuerwehr-weinboehla.de\/index.php?rest_route=\/wp\/v2\/pages\/647\/revisions\/1194"}],"wp:attachment":[{"href":"https:\/\/feuerwehr-weinboehla.de\/index.php?rest_route=%2Fwp%2Fv2%2Fmedia&parent=647"}],"curies":[{"name":"wp","href":"https:\/\/api.w.org\/{rel}","templated":true}]}}