{"id":653,"date":"2019-07-23T13:09:48","date_gmt":"2019-07-23T13:09:48","guid":{"rendered":"http:\/\/fw-wbl.feuerwehr-weinboehla.de\/?page_id=653"},"modified":"2020-02-12T05:46:17","modified_gmt":"2020-02-12T05:46:17","slug":"einsatz-72-2019","status":"publish","type":"page","link":"https:\/\/feuerwehr-weinboehla.de\/?page_id=653","title":{"rendered":"Einsatz 72 &#8211; 2019"},"content":{"rendered":"\n<figure class=\"wp-block-table is-style-stripes\"><table class=\"has-subtle-light-gray-background-color has-fixed-layout has-background\"><tbody><tr><td>Einsatzart<\/td><td>Brand<\/td><\/tr><tr><td>Einsatzstichwort<\/td><td>Strohlager<\/td><\/tr><tr><td>Einsatzort<\/td><td>Sk\u00e4\u00dfchen<\/td><\/tr><tr><td>Einsatzbeginn<\/td><td>30.06.2019 17:29<\/td><\/tr><tr><td>Einsatzende<\/td><td>30.06.2019 21:17<\/td><\/tr><tr><td>Einsatzkr\u00e4fte<\/td><td>2<\/td><\/tr><tr><td>Fahrzeuge<\/td><td>GWA<\/td><\/tr><tr><td>Weitere Kr\u00e4fte<\/td><td>&#8212;<\/td><\/tr><tr><td>Einsatzbericht<\/td><td>Atemschutztechnik vor Ort getauscht<\/td><\/tr><tr><td>Links<\/td><td>&#8212;<\/td><\/tr><\/tbody><\/table><\/figure>\n\n\n\n<iframe loading=\"lazy\" src=\"https:\/\/www.google.com\/maps\/embed?pb=!1m18!1m12!1m3!1d3083.223048744554!2d13.583298766099873!3d51.33793427960771!2m3!1f0!2f0!3f0!3m2!1i1024!2i768!4f13.1!3m3!1m2!1s0x470829bf9ac84dd1%3A0xa21b1cdd48f7170!2zU2vDpMOfY2hlbiwgMDE1NjEgR3Jvw59lbmhhaW4!5e1!3m2!1sde!2sde!4v1563887379363!5m2!1sde!2sde\" style=\"border:0\" allowfullscreen=\"\" width=\"600\" height=\"450\" frameborder=\"0\"><\/iframe>\n","protected":false},"excerpt":{"rendered":"<p>Einsatzart Brand Einsatzstichwort Strohlager Einsatzort Sk\u00e4\u00dfchen Einsatzbeginn 30.06.2019 17:29 Einsatzende 30.06.2019 21:17 Einsatzkr\u00e4fte 2 Fahrzeuge GWA Weitere Kr\u00e4fte &#8212; Einsatzbericht Atemschutztechnik vor Ort getauscht Links &#8212;<\/p>\n","protected":false},"author":1,"featured_media":0,"parent":0,"menu_order":0,"comment_status":"closed","ping_status":"closed","template":"","meta":{"footnotes":""},"class_list":["post-653","page","type-page","status-publish","hentry"],"_links":{"self":[{"href":"https:\/\/feuerwehr-weinboehla.de\/index.php?rest_route=\/wp\/v2\/pages\/653","targetHints":{"allow":["GET"]}}],"collection":[{"href":"https:\/\/feuerwehr-weinboehla.de\/index.php?rest_route=\/wp\/v2\/pages"}],"about":[{"href":"https:\/\/feuerwehr-weinboehla.de\/index.php?rest_route=\/wp\/v2\/types\/page"}],"author":[{"embeddable":true,"href":"https:\/\/feuerwehr-weinboehla.de\/index.php?rest_route=\/wp\/v2\/users\/1"}],"replies":[{"embeddable":true,"href":"https:\/\/feuerwehr-weinboehla.de\/index.php?rest_route=%2Fwp%2Fv2%2Fcomments&post=653"}],"version-history":[{"count":2,"href":"https:\/\/feuerwehr-weinboehla.de\/index.php?rest_route=\/wp\/v2\/pages\/653\/revisions"}],"predecessor-version":[{"id":1197,"href":"https:\/\/feuerwehr-weinboehla.de\/index.php?rest_route=\/wp\/v2\/pages\/653\/revisions\/1197"}],"wp:attachment":[{"href":"https:\/\/feuerwehr-weinboehla.de\/index.php?rest_route=%2Fwp%2Fv2%2Fmedia&parent=653"}],"curies":[{"name":"wp","href":"https:\/\/api.w.org\/{rel}","templated":true}]}}