{"id":656,"date":"2019-07-23T13:19:55","date_gmt":"2019-07-23T13:19:55","guid":{"rendered":"http:\/\/fw-wbl.feuerwehr-weinboehla.de\/?page_id=656"},"modified":"2020-02-12T05:47:05","modified_gmt":"2020-02-12T05:47:05","slug":"einsatz-73-2019","status":"publish","type":"page","link":"https:\/\/feuerwehr-weinboehla.de\/?page_id=656","title":{"rendered":"Einsatz 73 &#8211; 2019"},"content":{"rendered":"\n<figure class=\"wp-block-table is-style-stripes\"><table class=\"has-subtle-light-gray-background-color has-fixed-layout has-background\"><tbody><tr><td>Einsatzart<\/td><td>Brand<\/td><\/tr><tr><td>Einsatzstichwort<\/td><td>Wald <\/td><\/tr><tr><td>Einsatzort<\/td><td>Moritzburger Stra\u00dfe<\/td><\/tr><tr><td>Einsatzbeginn<\/td><td>01.07.2019 16:18<\/td><\/tr><tr><td>Einsatzende<\/td><td>01.07.2019 17:03<\/td><\/tr><tr><td>Einsatzkr\u00e4fte<\/td><td>6<\/td><\/tr><tr><td>Fahrzeuge<\/td><td>TLF<\/td><\/tr><tr><td>Weitere Kr\u00e4fte<\/td><td>&#8212;<\/td><\/tr><tr><td>Einsatzbericht<\/td><td>Glutn\u00e4ster abgel\u00f6scht<\/td><\/tr><tr><td>Links<\/td><td>&#8212;<\/td><\/tr><\/tbody><\/table><\/figure>\n\n\n\n<iframe loading=\"lazy\" src=\"https:\/\/www.google.com\/maps\/embed?pb=!1m14!1m8!1m3!1d12336.734295829196!2d13.5931668!3d51.1608721!3m2!1i1024!2i768!4f13.1!3m3!1m2!1s0x4709d3834bc5eb63%3A0xecb19a54432db37f!2sS80!5e1!3m2!1sde!2sde!4v1563887965933!5m2!1sde!2sde\" style=\"border:0\" allowfullscreen=\"\" width=\"600\" height=\"450\" frameborder=\"0\"><\/iframe>\n","protected":false},"excerpt":{"rendered":"<p>Einsatzart Brand Einsatzstichwort Wald Einsatzort Moritzburger Stra\u00dfe Einsatzbeginn 01.07.2019 16:18 Einsatzende 01.07.2019 17:03 Einsatzkr\u00e4fte 6 Fahrzeuge TLF Weitere Kr\u00e4fte &#8212; Einsatzbericht Glutn\u00e4ster abgel\u00f6scht Links &#8212;<\/p>\n","protected":false},"author":1,"featured_media":0,"parent":0,"menu_order":0,"comment_status":"closed","ping_status":"closed","template":"","meta":{"footnotes":""},"class_list":["post-656","page","type-page","status-publish","hentry"],"_links":{"self":[{"href":"https:\/\/feuerwehr-weinboehla.de\/index.php?rest_route=\/wp\/v2\/pages\/656","targetHints":{"allow":["GET"]}}],"collection":[{"href":"https:\/\/feuerwehr-weinboehla.de\/index.php?rest_route=\/wp\/v2\/pages"}],"about":[{"href":"https:\/\/feuerwehr-weinboehla.de\/index.php?rest_route=\/wp\/v2\/types\/page"}],"author":[{"embeddable":true,"href":"https:\/\/feuerwehr-weinboehla.de\/index.php?rest_route=\/wp\/v2\/users\/1"}],"replies":[{"embeddable":true,"href":"https:\/\/feuerwehr-weinboehla.de\/index.php?rest_route=%2Fwp%2Fv2%2Fcomments&post=656"}],"version-history":[{"count":2,"href":"https:\/\/feuerwehr-weinboehla.de\/index.php?rest_route=\/wp\/v2\/pages\/656\/revisions"}],"predecessor-version":[{"id":1198,"href":"https:\/\/feuerwehr-weinboehla.de\/index.php?rest_route=\/wp\/v2\/pages\/656\/revisions\/1198"}],"wp:attachment":[{"href":"https:\/\/feuerwehr-weinboehla.de\/index.php?rest_route=%2Fwp%2Fv2%2Fmedia&parent=656"}],"curies":[{"name":"wp","href":"https:\/\/api.w.org\/{rel}","templated":true}]}}