{"id":671,"date":"2019-07-23T13:31:34","date_gmt":"2019-07-23T13:31:34","guid":{"rendered":"http:\/\/fw-wbl.feuerwehr-weinboehla.de\/?page_id=671"},"modified":"2020-09-10T07:01:23","modified_gmt":"2020-09-10T07:01:23","slug":"einsatz-78-2019","status":"publish","type":"page","link":"https:\/\/feuerwehr-weinboehla.de\/?page_id=671","title":{"rendered":"Einsatz 78 &#8211; 2019"},"content":{"rendered":"\n<figure class=\"wp-block-table is-style-stripes\"><table class=\"has-subtle-light-gray-background-color has-fixed-layout has-background\"><tbody><tr><td>Einsatzart<\/td><td>Brand<\/td><\/tr><tr><td>Einsatzstichwort<\/td><td>Feld<\/td><\/tr><tr><td>Einsatzort<\/td><td>Langestra\u00dfe, Cunnersdorf<\/td><\/tr><tr><td>Einsatzbeginn<\/td><td>06.07.2019 15:15<\/td><\/tr><tr><td>Einsatzende<\/td><td>&#8212;<\/td><\/tr><tr><td>Einsatzkr\u00e4fte<\/td><td>&#8212;<\/td><\/tr><tr><td>Fahrzeuge<\/td><td>&#8212;<\/td><\/tr><tr><td>Weitere Kr\u00e4fte<\/td><td>&#8212;<\/td><\/tr><tr><td>Einsatzbericht<\/td><td>Alarmierung der TLK zum Feldbrand. Die Feuerwehr Weinb\u00f6hla ist nach R\u00fccksprache mit Leitstelle nicht ausger\u00fcckt.<\/td><\/tr><tr><td>Links<\/td><td>&#8212;<\/td><\/tr><\/tbody><\/table><\/figure>\n\n\n\n<iframe loading=\"lazy\" src=\"https:\/\/www.google.com\/maps\/embed?pb=!1m18!1m12!1m3!1d3087.6322385190074!2d13.66756751609797!3d51.272349879597314!2m3!1f0!2f0!3f0!3m2!1i1024!2i768!4f13.1!3m3!1m2!1s0x47082c42af3f0d2f%3A0xbe3b67c6f28a6975!2sLange+Str.%2C+01561+Ebersbach!5e1!3m2!1sde!2sde!4v1563888637527!5m2!1sde!2sde\" style=\"border:0\" allowfullscreen=\"\" width=\"600\" height=\"450\" frameborder=\"0\"><\/iframe>\n","protected":false},"excerpt":{"rendered":"<p>Einsatzart Brand Einsatzstichwort Feld Einsatzort Langestra\u00dfe, Cunnersdorf Einsatzbeginn 06.07.2019 15:15 Einsatzende &#8212; Einsatzkr\u00e4fte &#8212; Fahrzeuge &#8212; Weitere Kr\u00e4fte &#8212; Einsatzbericht Alarmierung der TLK zum Feldbrand. Die Feuerwehr Weinb\u00f6hla ist nach R\u00fccksprache mit Leitstelle nicht ausger\u00fcckt. Links &#8212;<\/p>\n","protected":false},"author":1,"featured_media":0,"parent":0,"menu_order":0,"comment_status":"closed","ping_status":"closed","template":"","meta":{"footnotes":""},"class_list":["post-671","page","type-page","status-publish","hentry"],"_links":{"self":[{"href":"https:\/\/feuerwehr-weinboehla.de\/index.php?rest_route=\/wp\/v2\/pages\/671","targetHints":{"allow":["GET"]}}],"collection":[{"href":"https:\/\/feuerwehr-weinboehla.de\/index.php?rest_route=\/wp\/v2\/pages"}],"about":[{"href":"https:\/\/feuerwehr-weinboehla.de\/index.php?rest_route=\/wp\/v2\/types\/page"}],"author":[{"embeddable":true,"href":"https:\/\/feuerwehr-weinboehla.de\/index.php?rest_route=\/wp\/v2\/users\/1"}],"replies":[{"embeddable":true,"href":"https:\/\/feuerwehr-weinboehla.de\/index.php?rest_route=%2Fwp%2Fv2%2Fcomments&post=671"}],"version-history":[{"count":2,"href":"https:\/\/feuerwehr-weinboehla.de\/index.php?rest_route=\/wp\/v2\/pages\/671\/revisions"}],"predecessor-version":[{"id":1203,"href":"https:\/\/feuerwehr-weinboehla.de\/index.php?rest_route=\/wp\/v2\/pages\/671\/revisions\/1203"}],"wp:attachment":[{"href":"https:\/\/feuerwehr-weinboehla.de\/index.php?rest_route=%2Fwp%2Fv2%2Fmedia&parent=671"}],"curies":[{"name":"wp","href":"https:\/\/api.w.org\/{rel}","templated":true}]}}