{"id":715,"date":"2019-11-04T12:21:23","date_gmt":"2019-11-04T12:21:23","guid":{"rendered":"http:\/\/fw-wbl.feuerwehr-weinboehla.de\/?page_id=715"},"modified":"2019-11-04T12:27:31","modified_gmt":"2019-11-04T12:27:31","slug":"einsatz-92-2019","status":"publish","type":"page","link":"https:\/\/feuerwehr-weinboehla.de\/?page_id=715","title":{"rendered":"Einsatz 92 &#8211; 2019"},"content":{"rendered":"\n<table class=\"wp-block-table has-subtle-light-gray-background-color has-fixed-layout has-background is-style-stripes\"><tbody><tr><td>Einsatzart<\/td><td>Brand<\/td><\/tr><tr><td>Einsatzstichwort<\/td><td>Brand Wald<\/td><\/tr><tr><td>Einsatzort<\/td><td>Am Spitzberg, Coswig<\/td><\/tr><tr><td>Einsatzbeginn<\/td><td>25.07.2019 15:16<\/td><\/tr><tr><td>Einsatzende<\/td><td>25.07.2019 16:14<\/td><\/tr><tr><td>Einsatzkr\u00e4fte<\/td><td>12<\/td><\/tr><tr><td>Fahrzeuge<\/td><td>KDOW, LF, TLF<\/td><\/tr><tr><td>Weitere Kr\u00e4fte<\/td><td>Feuerwehr Coswig<\/td><\/tr><tr><td>Einsatzbericht<\/td><td>Gebiet gro\u00dfr\u00e4umig abgesucht, es konnte keine Feststellung gemacht werden<\/td><\/tr><tr><td>Links<\/td><td>&#8212;<\/td><\/tr><\/tbody><\/table>\n\n\n\n<iframe loading=\"lazy\" src=\"https:\/\/www.google.com\/maps\/embed?pb=!1m18!1m12!1m3!1d40075.04118336474!2d13.571154454870898!3d51.114178152988046!2m3!1f0!2f0!3f0!3m2!1i1024!2i768!4f13.1!3m3!1m2!1s0x4709d15880425315%3A0x24a511f2d41a378d!2sAm%20Spitzberg%2C%20Coswig!5e0!3m2!1sde!2sde!4v1572870070923!5m2!1sde!2sde\" style=\"border:0;\" allowfullscreen=\"\" width=\"600\" height=\"450\" frameborder=\"0\"><\/iframe>\n","protected":false},"excerpt":{"rendered":"<p>Einsatzart Brand Einsatzstichwort Brand Wald Einsatzort Am Spitzberg, Coswig Einsatzbeginn 25.07.2019 15:16 Einsatzende 25.07.2019 16:14 Einsatzkr\u00e4fte 12 Fahrzeuge KDOW, LF, TLF Weitere Kr\u00e4fte Feuerwehr Coswig Einsatzbericht Gebiet gro\u00dfr\u00e4umig abgesucht, es konnte keine Feststellung gemacht werden Links &#8212;<\/p>\n","protected":false},"author":1,"featured_media":0,"parent":0,"menu_order":0,"comment_status":"closed","ping_status":"closed","template":"","meta":{"footnotes":""},"class_list":["post-715","page","type-page","status-publish","hentry"],"_links":{"self":[{"href":"https:\/\/feuerwehr-weinboehla.de\/index.php?rest_route=\/wp\/v2\/pages\/715","targetHints":{"allow":["GET"]}}],"collection":[{"href":"https:\/\/feuerwehr-weinboehla.de\/index.php?rest_route=\/wp\/v2\/pages"}],"about":[{"href":"https:\/\/feuerwehr-weinboehla.de\/index.php?rest_route=\/wp\/v2\/types\/page"}],"author":[{"embeddable":true,"href":"https:\/\/feuerwehr-weinboehla.de\/index.php?rest_route=\/wp\/v2\/users\/1"}],"replies":[{"embeddable":true,"href":"https:\/\/feuerwehr-weinboehla.de\/index.php?rest_route=%2Fwp%2Fv2%2Fcomments&post=715"}],"version-history":[{"count":2,"href":"https:\/\/feuerwehr-weinboehla.de\/index.php?rest_route=\/wp\/v2\/pages\/715\/revisions"}],"predecessor-version":[{"id":720,"href":"https:\/\/feuerwehr-weinboehla.de\/index.php?rest_route=\/wp\/v2\/pages\/715\/revisions\/720"}],"wp:attachment":[{"href":"https:\/\/feuerwehr-weinboehla.de\/index.php?rest_route=%2Fwp%2Fv2%2Fmedia&parent=715"}],"curies":[{"name":"wp","href":"https:\/\/api.w.org\/{rel}","templated":true}]}}