{"id":718,"date":"2019-11-04T12:28:42","date_gmt":"2019-11-04T12:28:42","guid":{"rendered":"http:\/\/fw-wbl.feuerwehr-weinboehla.de\/?page_id=718"},"modified":"2019-11-04T12:28:44","modified_gmt":"2019-11-04T12:28:44","slug":"einsatz-93-2019","status":"publish","type":"page","link":"https:\/\/feuerwehr-weinboehla.de\/?page_id=718","title":{"rendered":"Einsatz 93 &#8211; 2019"},"content":{"rendered":"\n<table class=\"wp-block-table has-subtle-light-gray-background-color has-fixed-layout has-background is-style-stripes\"><tbody><tr><td>Einsatzart<\/td><td>Brand<\/td><\/tr><tr><td>Einsatzstichwort<\/td><td>Brandmeldeanlage<\/td><\/tr><tr><td>Einsatzort<\/td><td>Mei\u00dfen Altenpflegeheim<\/td><\/tr><tr><td>Einsatzbeginn<\/td><td>27.07.2019 09:54<\/td><\/tr><tr><td>Einsatzende<\/td><td>27.07.2019 10:15<\/td><\/tr><tr><td>Einsatzkr\u00e4fte<\/td><td>3<\/td><\/tr><tr><td>Fahrzeuge<\/td><td>TLK<\/td><\/tr><tr><td>Weitere Kr\u00e4fte<\/td><td>Feuerwehr Mei\u00dfen<\/td><\/tr><tr><td>Einsatzbericht<\/td><td>Einsatz auf Anfahrt abgebrochen.<\/td><\/tr><tr><td>Links<\/td><td>&#8212;<\/td><\/tr><\/tbody><\/table>\n\n\n\n<iframe loading=\"lazy\" src=\"https:\/\/www.google.com\/maps\/embed?pb=!1m18!1m12!1m3!1d40034.25573373997!2d13.44789920519027!3d51.16119020001686!2m3!1f0!2f0!3f0!3m2!1i1024!2i768!4f13.1!3m3!1m2!1s0x4709d5e34afc7e71%3A0x4208ec17434d5c0!2zTWVpw59lbg!5e0!3m2!1sde!2sde!4v1572870393017!5m2!1sde!2sde\" width=\"600\" height=\"450\" frameborder=\"0\" style=\"border:0;\" allowfullscreen=\"\"><\/iframe>\n","protected":false},"excerpt":{"rendered":"<p>Einsatzart Brand Einsatzstichwort Brandmeldeanlage Einsatzort Mei\u00dfen Altenpflegeheim Einsatzbeginn 27.07.2019 09:54 Einsatzende 27.07.2019 10:15 Einsatzkr\u00e4fte 3 Fahrzeuge TLK Weitere Kr\u00e4fte Feuerwehr Mei\u00dfen Einsatzbericht Einsatz auf Anfahrt abgebrochen. Links &#8212;<\/p>\n","protected":false},"author":1,"featured_media":0,"parent":0,"menu_order":0,"comment_status":"closed","ping_status":"closed","template":"","meta":{"footnotes":""},"class_list":["post-718","page","type-page","status-publish","hentry"],"_links":{"self":[{"href":"https:\/\/feuerwehr-weinboehla.de\/index.php?rest_route=\/wp\/v2\/pages\/718","targetHints":{"allow":["GET"]}}],"collection":[{"href":"https:\/\/feuerwehr-weinboehla.de\/index.php?rest_route=\/wp\/v2\/pages"}],"about":[{"href":"https:\/\/feuerwehr-weinboehla.de\/index.php?rest_route=\/wp\/v2\/types\/page"}],"author":[{"embeddable":true,"href":"https:\/\/feuerwehr-weinboehla.de\/index.php?rest_route=\/wp\/v2\/users\/1"}],"replies":[{"embeddable":true,"href":"https:\/\/feuerwehr-weinboehla.de\/index.php?rest_route=%2Fwp%2Fv2%2Fcomments&post=718"}],"version-history":[{"count":2,"href":"https:\/\/feuerwehr-weinboehla.de\/index.php?rest_route=\/wp\/v2\/pages\/718\/revisions"}],"predecessor-version":[{"id":722,"href":"https:\/\/feuerwehr-weinboehla.de\/index.php?rest_route=\/wp\/v2\/pages\/718\/revisions\/722"}],"wp:attachment":[{"href":"https:\/\/feuerwehr-weinboehla.de\/index.php?rest_route=%2Fwp%2Fv2%2Fmedia&parent=718"}],"curies":[{"name":"wp","href":"https:\/\/api.w.org\/{rel}","templated":true}]}}