{"id":723,"date":"2019-11-04T12:31:55","date_gmt":"2019-11-04T12:31:55","guid":{"rendered":"http:\/\/fw-wbl.feuerwehr-weinboehla.de\/?page_id=723"},"modified":"2019-11-04T12:31:56","modified_gmt":"2019-11-04T12:31:56","slug":"einsatz-94-2019","status":"publish","type":"page","link":"https:\/\/feuerwehr-weinboehla.de\/?page_id=723","title":{"rendered":"Einsatz 94 &#8211; 2019"},"content":{"rendered":"\n<table class=\"wp-block-table has-subtle-light-gray-background-color has-fixed-layout has-background is-style-stripes\"><tbody><tr><td>Einsatzart<\/td><td>Brand<\/td><\/tr><tr><td>Einsatzstichwort<\/td><td>Brand Wald<\/td><\/tr><tr><td>Einsatzort<\/td><td>Niederau<\/td><\/tr><tr><td>Einsatzbeginn<\/td><td>27.07.2019 15:14<\/td><\/tr><tr><td>Einsatzende<\/td><td>27.07.2019 17:30<\/td><\/tr><tr><td>Einsatzkr\u00e4fte<\/td><td>6<\/td><\/tr><tr><td>Fahrzeuge<\/td><td>TLF<\/td><\/tr><tr><td>Weitere Kr\u00e4fte<\/td><td>Feuerwehr Niederau<\/td><\/tr><tr><td>Einsatzbericht<\/td><td>Unterst\u00fctzung der Feuerwehr Niederau bei einem Waldbrand von 3000qm\u00b2<\/td><\/tr><tr><td>Links<\/td><td>&#8212;<\/td><\/tr><\/tbody><\/table>\n\n\n\n<iframe loading=\"lazy\" src=\"https:\/\/www.google.com\/maps\/embed?pb=!1m18!1m12!1m3!1d40007.92852758479!2d13.509213055396451!3d51.191520215830565!2m3!1f0!2f0!3f0!3m2!1i1024!2i768!4f13.1!3m3!1m2!1s0x4709d44956fe44ed%3A0xf195877eaa41f61f!2s01689%20Niederau!5e0!3m2!1sde!2sde!4v1572870703470!5m2!1sde!2sde\" width=\"600\" height=\"450\" frameborder=\"0\" style=\"border:0;\" allowfullscreen=\"\"><\/iframe>\n","protected":false},"excerpt":{"rendered":"<p>Einsatzart Brand Einsatzstichwort Brand Wald Einsatzort Niederau Einsatzbeginn 27.07.2019 15:14 Einsatzende 27.07.2019 17:30 Einsatzkr\u00e4fte 6 Fahrzeuge TLF Weitere Kr\u00e4fte Feuerwehr Niederau Einsatzbericht Unterst\u00fctzung der Feuerwehr Niederau bei einem Waldbrand von 3000qm\u00b2 Links &#8212;<\/p>\n","protected":false},"author":1,"featured_media":0,"parent":0,"menu_order":0,"comment_status":"closed","ping_status":"closed","template":"","meta":{"footnotes":""},"class_list":["post-723","page","type-page","status-publish","hentry"],"_links":{"self":[{"href":"https:\/\/feuerwehr-weinboehla.de\/index.php?rest_route=\/wp\/v2\/pages\/723","targetHints":{"allow":["GET"]}}],"collection":[{"href":"https:\/\/feuerwehr-weinboehla.de\/index.php?rest_route=\/wp\/v2\/pages"}],"about":[{"href":"https:\/\/feuerwehr-weinboehla.de\/index.php?rest_route=\/wp\/v2\/types\/page"}],"author":[{"embeddable":true,"href":"https:\/\/feuerwehr-weinboehla.de\/index.php?rest_route=\/wp\/v2\/users\/1"}],"replies":[{"embeddable":true,"href":"https:\/\/feuerwehr-weinboehla.de\/index.php?rest_route=%2Fwp%2Fv2%2Fcomments&post=723"}],"version-history":[{"count":1,"href":"https:\/\/feuerwehr-weinboehla.de\/index.php?rest_route=\/wp\/v2\/pages\/723\/revisions"}],"predecessor-version":[{"id":728,"href":"https:\/\/feuerwehr-weinboehla.de\/index.php?rest_route=\/wp\/v2\/pages\/723\/revisions\/728"}],"wp:attachment":[{"href":"https:\/\/feuerwehr-weinboehla.de\/index.php?rest_route=%2Fwp%2Fv2%2Fmedia&parent=723"}],"curies":[{"name":"wp","href":"https:\/\/api.w.org\/{rel}","templated":true}]}}