{"id":724,"date":"2019-11-04T12:39:42","date_gmt":"2019-11-04T12:39:42","guid":{"rendered":"http:\/\/fw-wbl.feuerwehr-weinboehla.de\/?page_id=724"},"modified":"2019-11-04T12:39:44","modified_gmt":"2019-11-04T12:39:44","slug":"einsatz-95-2019","status":"publish","type":"page","link":"https:\/\/feuerwehr-weinboehla.de\/?page_id=724","title":{"rendered":"Einsatz 95 &#8211; 2019"},"content":{"rendered":"\n<table class=\"wp-block-table has-subtle-light-gray-background-color has-fixed-layout has-background is-style-stripes\"><tbody><tr><td>Einsatzart<\/td><td>Brand<\/td><\/tr><tr><td>Einsatzstichwort<\/td><td>Brand Wald<\/td><\/tr><tr><td>Einsatzort<\/td><td>Steinbach, S81<\/td><\/tr><tr><td>Einsatzbeginn<\/td><td>28.07.2019 01:42<\/td><\/tr><tr><td>Einsatzende<\/td><td>28.07.2019 04:00<\/td><\/tr><tr><td>Einsatzkr\u00e4fte<\/td><td>10<\/td><\/tr><tr><td>Fahrzeuge<\/td><td>LF, TLF<\/td><\/tr><tr><td>Weitere Kr\u00e4fte<\/td><td>Feuerwehr Steinbach<\/td><\/tr><tr><td>Einsatzbericht<\/td><td>Unterst\u00fctzung Feuerwehr Steinbach bei einem Waldbrand von ca. 100qm\u00b2<\/td><\/tr><tr><td>Links<\/td><td>&#8212;<\/td><\/tr><\/tbody><\/table>\n\n\n\n<iframe loading=\"lazy\" src=\"https:\/\/www.google.com\/maps\/embed?pb=!1m18!1m12!1m3!1d3151.0407573195093!2d13.597867300860964!3d51.195835011107846!2m3!1f0!2f0!3f0!3m2!1i1024!2i768!4f13.1!3m3!1m2!1s0x4709d340a3c413ed%3A0xd1bd38e59f46541c!2sS81!5e1!3m2!1sde!2sde!4v1572871158785!5m2!1sde!2sde\" width=\"600\" height=\"450\" frameborder=\"0\" style=\"border:0;\" allowfullscreen=\"\"><\/iframe>\n","protected":false},"excerpt":{"rendered":"<p>Einsatzart Brand Einsatzstichwort Brand Wald Einsatzort Steinbach, S81 Einsatzbeginn 28.07.2019 01:42 Einsatzende 28.07.2019 04:00 Einsatzkr\u00e4fte 10 Fahrzeuge LF, TLF Weitere Kr\u00e4fte Feuerwehr Steinbach Einsatzbericht Unterst\u00fctzung Feuerwehr Steinbach bei einem Waldbrand von ca. 100qm\u00b2 Links &#8212;<\/p>\n","protected":false},"author":1,"featured_media":0,"parent":0,"menu_order":0,"comment_status":"closed","ping_status":"closed","template":"","meta":{"footnotes":""},"class_list":["post-724","page","type-page","status-publish","hentry"],"_links":{"self":[{"href":"https:\/\/feuerwehr-weinboehla.de\/index.php?rest_route=\/wp\/v2\/pages\/724","targetHints":{"allow":["GET"]}}],"collection":[{"href":"https:\/\/feuerwehr-weinboehla.de\/index.php?rest_route=\/wp\/v2\/pages"}],"about":[{"href":"https:\/\/feuerwehr-weinboehla.de\/index.php?rest_route=\/wp\/v2\/types\/page"}],"author":[{"embeddable":true,"href":"https:\/\/feuerwehr-weinboehla.de\/index.php?rest_route=\/wp\/v2\/users\/1"}],"replies":[{"embeddable":true,"href":"https:\/\/feuerwehr-weinboehla.de\/index.php?rest_route=%2Fwp%2Fv2%2Fcomments&post=724"}],"version-history":[{"count":2,"href":"https:\/\/feuerwehr-weinboehla.de\/index.php?rest_route=\/wp\/v2\/pages\/724\/revisions"}],"predecessor-version":[{"id":731,"href":"https:\/\/feuerwehr-weinboehla.de\/index.php?rest_route=\/wp\/v2\/pages\/724\/revisions\/731"}],"wp:attachment":[{"href":"https:\/\/feuerwehr-weinboehla.de\/index.php?rest_route=%2Fwp%2Fv2%2Fmedia&parent=724"}],"curies":[{"name":"wp","href":"https:\/\/api.w.org\/{rel}","templated":true}]}}