{"id":726,"date":"2019-11-04T12:45:42","date_gmt":"2019-11-04T12:45:42","guid":{"rendered":"http:\/\/fw-wbl.feuerwehr-weinboehla.de\/?page_id=726"},"modified":"2019-11-04T12:45:44","modified_gmt":"2019-11-04T12:45:44","slug":"einsatz-97-108-2019","status":"publish","type":"page","link":"https:\/\/feuerwehr-weinboehla.de\/?page_id=726","title":{"rendered":"Einsatz 97-108 &#8211; 2019"},"content":{"rendered":"\n<table class=\"wp-block-table has-subtle-light-gray-background-color has-fixed-layout has-background is-style-stripes\"><tbody><tr><td>Einsatzart<\/td><td>Hilfeleistung <\/td><\/tr><tr><td>Einsatzstichwort<\/td><td>Hilfeleistungen nach Sturm<\/td><\/tr><tr><td>Einsatzort<\/td><td>Weinb\u00f6hla und Umland<\/td><\/tr><tr><td>Einsatzbeginn<\/td><td>18.08.2019 22:03<\/td><\/tr><tr><td>Einsatzende<\/td><td>19.08.2019 11:30<\/td><\/tr><tr><td>Einsatzkr\u00e4fte<\/td><td>24<\/td><\/tr><tr><td>Fahrzeuge<\/td><td>KdoW, LF, TLF, TLK, VRW, MTW<\/td><\/tr><tr><td>Weitere Kr\u00e4fte<\/td><td>FF Niederau, FF Gro\u00dfdobritz, FF Ockrilla<\/td><\/tr><tr><td>Einsatzbericht<\/td><td>Ein Starkregengebiet mit Sturm zog durch Weinb\u00f6hla.<br> Dies verschaffte der Feuerwehr Weinb\u00f6hla 11 Eins\u00e4tze im Gemeindegebiet.<br> Zeitgleich wurde die Ortsfestebefehlstelle Weinb\u00f6hla gemeinsam mit Niederau und Gro\u00dfdobritz in Betrieb genommen, somit wurden die Einsatze in der Gemeinde Niederau ebenfalls mit koordiniert.<\/td><\/tr><tr><td>Links<\/td><td>&#8212;<\/td><\/tr><\/tbody><\/table>\n\n\n\n<iframe loading=\"lazy\" src=\"https:\/\/www.google.com\/maps\/embed?pb=!1m18!1m12!1m3!1d25514.72417107853!2d13.568189595856191!3d51.164625654831696!2m3!1f0!2f0!3f0!3m2!1i1024!2i768!4f13.1!3m3!1m2!1s0x4709d40ad0292bf9%3A0x421b1cb4288d690!2sWeinb%C3%B6hla!5e1!3m2!1sde!2sde!4v1572871531493!5m2!1sde!2sde\" width=\"600\" height=\"450\" frameborder=\"0\" style=\"border:0;\" allowfullscreen=\"\"><\/iframe>\n","protected":false},"excerpt":{"rendered":"<p>Einsatzart Hilfeleistung Einsatzstichwort Hilfeleistungen nach Sturm Einsatzort Weinb\u00f6hla und Umland Einsatzbeginn 18.08.2019 22:03 Einsatzende 19.08.2019 11:30 Einsatzkr\u00e4fte 24 Fahrzeuge KdoW, LF, TLF, TLK, VRW, MTW Weitere Kr\u00e4fte FF Niederau, FF Gro\u00dfdobritz, FF Ockrilla Einsatzbericht Ein Starkregengebiet mit Sturm zog durch Weinb\u00f6hla. Dies verschaffte der Feuerwehr Weinb\u00f6hla 11 Eins\u00e4tze im Gemeindegebiet. Zeitgleich wurde die Ortsfestebefehlstelle Weinb\u00f6hla &hellip; <\/p>\n<p class=\"link-more\"><a href=\"https:\/\/feuerwehr-weinboehla.de\/?page_id=726\" class=\"more-link\"><span class=\"screen-reader-text\">\u201eEinsatz 97-108 &#8211; 2019\u201c <\/span>weiterlesen<\/a><\/p>\n","protected":false},"author":1,"featured_media":0,"parent":0,"menu_order":0,"comment_status":"closed","ping_status":"closed","template":"","meta":{"footnotes":""},"class_list":["post-726","page","type-page","status-publish","hentry"],"_links":{"self":[{"href":"https:\/\/feuerwehr-weinboehla.de\/index.php?rest_route=\/wp\/v2\/pages\/726","targetHints":{"allow":["GET"]}}],"collection":[{"href":"https:\/\/feuerwehr-weinboehla.de\/index.php?rest_route=\/wp\/v2\/pages"}],"about":[{"href":"https:\/\/feuerwehr-weinboehla.de\/index.php?rest_route=\/wp\/v2\/types\/page"}],"author":[{"embeddable":true,"href":"https:\/\/feuerwehr-weinboehla.de\/index.php?rest_route=\/wp\/v2\/users\/1"}],"replies":[{"embeddable":true,"href":"https:\/\/feuerwehr-weinboehla.de\/index.php?rest_route=%2Fwp%2Fv2%2Fcomments&post=726"}],"version-history":[{"count":2,"href":"https:\/\/feuerwehr-weinboehla.de\/index.php?rest_route=\/wp\/v2\/pages\/726\/revisions"}],"predecessor-version":[{"id":836,"href":"https:\/\/feuerwehr-weinboehla.de\/index.php?rest_route=\/wp\/v2\/pages\/726\/revisions\/836"}],"wp:attachment":[{"href":"https:\/\/feuerwehr-weinboehla.de\/index.php?rest_route=%2Fwp%2Fv2%2Fmedia&parent=726"}],"curies":[{"name":"wp","href":"https:\/\/api.w.org\/{rel}","templated":true}]}}