{"id":737,"date":"2019-11-04T13:01:01","date_gmt":"2019-11-04T13:01:01","guid":{"rendered":"http:\/\/fw-wbl.feuerwehr-weinboehla.de\/?page_id=737"},"modified":"2019-11-04T13:01:03","modified_gmt":"2019-11-04T13:01:03","slug":"einsatz-109-2019","status":"publish","type":"page","link":"https:\/\/feuerwehr-weinboehla.de\/?page_id=737","title":{"rendered":"Einsatz 109 &#8211; 2019"},"content":{"rendered":"\n<table class=\"wp-block-table has-subtle-light-gray-background-color has-fixed-layout has-background is-style-stripes\"><tbody><tr><td>Einsatzart<\/td><td>Hilfeleistung <\/td><\/tr><tr><td>Einsatzstichwort<\/td><td>Trageghilfe<\/td><\/tr><tr><td>Einsatzort<\/td><td>Lindenstra\u00dfe, Weinb\u00f6hla<\/td><\/tr><tr><td>Einsatzbeginn<\/td><td>23.08.2019 15:37<\/td><\/tr><tr><td>Einsatzende<\/td><td>23.08.2019 16:02<\/td><\/tr><tr><td>Einsatzkr\u00e4fte<\/td><td>9<\/td><\/tr><tr><td>Fahrzeuge<\/td><td>LF<\/td><\/tr><tr><td>Weitere Kr\u00e4fte<\/td><td><\/td><\/tr><tr><td>Einsatzbericht<\/td><td>Tragehilfe f\u00fcr Rettungsdienst<\/td><\/tr><tr><td>Links<\/td><td>&#8212;<\/td><\/tr><\/tbody><\/table>\n\n\n\n<iframe loading=\"lazy\" src=\"https:\/\/www.google.com\/maps\/embed?pb=!1m18!1m12!1m3!1d3190.0043542636245!2d13.564311615976619!3d51.15502444422667!2m3!1f0!2f0!3f0!3m2!1i1024!2i768!4f13.1!3m3!1m2!1s0x4709d41b25c545eb%3A0xa183364fc92e6957!2sLindenstra%C3%9Fe%2C%2001689%20Weinb%C3%B6hla!5e1!3m2!1sde!2sde!4v1572872447039!5m2!1sde!2sde\" width=\"600\" height=\"450\" frameborder=\"0\" style=\"border:0;\" allowfullscreen=\"\"><\/iframe>\n","protected":false},"excerpt":{"rendered":"<p>Einsatzart Hilfeleistung Einsatzstichwort Trageghilfe Einsatzort Lindenstra\u00dfe, Weinb\u00f6hla Einsatzbeginn 23.08.2019 15:37 Einsatzende 23.08.2019 16:02 Einsatzkr\u00e4fte 9 Fahrzeuge LF Weitere Kr\u00e4fte Einsatzbericht Tragehilfe f\u00fcr Rettungsdienst Links &#8212;<\/p>\n","protected":false},"author":1,"featured_media":0,"parent":0,"menu_order":0,"comment_status":"closed","ping_status":"closed","template":"","meta":{"footnotes":""},"class_list":["post-737","page","type-page","status-publish","hentry"],"_links":{"self":[{"href":"https:\/\/feuerwehr-weinboehla.de\/index.php?rest_route=\/wp\/v2\/pages\/737","targetHints":{"allow":["GET"]}}],"collection":[{"href":"https:\/\/feuerwehr-weinboehla.de\/index.php?rest_route=\/wp\/v2\/pages"}],"about":[{"href":"https:\/\/feuerwehr-weinboehla.de\/index.php?rest_route=\/wp\/v2\/types\/page"}],"author":[{"embeddable":true,"href":"https:\/\/feuerwehr-weinboehla.de\/index.php?rest_route=\/wp\/v2\/users\/1"}],"replies":[{"embeddable":true,"href":"https:\/\/feuerwehr-weinboehla.de\/index.php?rest_route=%2Fwp%2Fv2%2Fcomments&post=737"}],"version-history":[{"count":1,"href":"https:\/\/feuerwehr-weinboehla.de\/index.php?rest_route=\/wp\/v2\/pages\/737\/revisions"}],"predecessor-version":[{"id":749,"href":"https:\/\/feuerwehr-weinboehla.de\/index.php?rest_route=\/wp\/v2\/pages\/737\/revisions\/749"}],"wp:attachment":[{"href":"https:\/\/feuerwehr-weinboehla.de\/index.php?rest_route=%2Fwp%2Fv2%2Fmedia&parent=737"}],"curies":[{"name":"wp","href":"https:\/\/api.w.org\/{rel}","templated":true}]}}