{"id":740,"date":"2019-11-04T13:08:42","date_gmt":"2019-11-04T13:08:42","guid":{"rendered":"http:\/\/fw-wbl.feuerwehr-weinboehla.de\/?page_id=740"},"modified":"2019-11-04T13:08:44","modified_gmt":"2019-11-04T13:08:44","slug":"einsatz-112-2019","status":"publish","type":"page","link":"https:\/\/feuerwehr-weinboehla.de\/?page_id=740","title":{"rendered":"Einsatz 112 &#8211; 2019"},"content":{"rendered":"\n<table class=\"wp-block-table has-subtle-light-gray-background-color has-fixed-layout has-background is-style-stripes\"><tbody><tr><td>Einsatzart<\/td><td>Brand<\/td><\/tr><tr><td>Einsatzstichwort<\/td><td>Brandmeldeanlage<\/td><\/tr><tr><td>Einsatzort<\/td><td>Weinb\u00f6hla Heidehof<\/td><\/tr><tr><td>Einsatzbeginn<\/td><td>27.08.2019 15:30<\/td><\/tr><tr><td>Einsatzende<\/td><td>27.08.2019 16:15<\/td><\/tr><tr><td>Einsatzkr\u00e4fte<\/td><td>11<\/td><\/tr><tr><td>Fahrzeuge<\/td><td>LF, TLF, TLK<\/td><\/tr><tr><td>Weitere Kr\u00e4fte<\/td><td>FF Steinbach<\/td><\/tr><tr><td>Einsatzbericht<\/td><td>keine Feststellung, Anlage zur\u00fcckgesetzt<\/td><\/tr><tr><td>Links<\/td><td>&#8212;<\/td><\/tr><\/tbody><\/table>\n\n\n\n<iframe loading=\"lazy\" src=\"https:\/\/www.google.com\/maps\/embed?pb=!1m18!1m12!1m3!1d3187.260380563913!2d13.634345963797807!3d51.18380880389347!2m3!1f0!2f0!3f0!3m2!1i1024!2i768!4f13.1!3m3!1m2!1s0x4709d30a49798041%3A0x59d183719bf15bd6!2sFachklinik%20Weinb%C3%B6hla!5e1!3m2!1sde!2sde!4v1572872892387!5m2!1sde!2sde\" width=\"600\" height=\"450\" frameborder=\"0\" style=\"border:0;\" allowfullscreen=\"\"><\/iframe>\n","protected":false},"excerpt":{"rendered":"<p>Einsatzart Brand Einsatzstichwort Brandmeldeanlage Einsatzort Weinb\u00f6hla Heidehof Einsatzbeginn 27.08.2019 15:30 Einsatzende 27.08.2019 16:15 Einsatzkr\u00e4fte 11 Fahrzeuge LF, TLF, TLK Weitere Kr\u00e4fte FF Steinbach Einsatzbericht keine Feststellung, Anlage zur\u00fcckgesetzt Links &#8212;<\/p>\n","protected":false},"author":1,"featured_media":0,"parent":0,"menu_order":0,"comment_status":"closed","ping_status":"closed","template":"","meta":{"footnotes":""},"class_list":["post-740","page","type-page","status-publish","hentry"],"_links":{"self":[{"href":"https:\/\/feuerwehr-weinboehla.de\/index.php?rest_route=\/wp\/v2\/pages\/740","targetHints":{"allow":["GET"]}}],"collection":[{"href":"https:\/\/feuerwehr-weinboehla.de\/index.php?rest_route=\/wp\/v2\/pages"}],"about":[{"href":"https:\/\/feuerwehr-weinboehla.de\/index.php?rest_route=\/wp\/v2\/types\/page"}],"author":[{"embeddable":true,"href":"https:\/\/feuerwehr-weinboehla.de\/index.php?rest_route=\/wp\/v2\/users\/1"}],"replies":[{"embeddable":true,"href":"https:\/\/feuerwehr-weinboehla.de\/index.php?rest_route=%2Fwp%2Fv2%2Fcomments&post=740"}],"version-history":[{"count":2,"href":"https:\/\/feuerwehr-weinboehla.de\/index.php?rest_route=\/wp\/v2\/pages\/740\/revisions"}],"predecessor-version":[{"id":963,"href":"https:\/\/feuerwehr-weinboehla.de\/index.php?rest_route=\/wp\/v2\/pages\/740\/revisions\/963"}],"wp:attachment":[{"href":"https:\/\/feuerwehr-weinboehla.de\/index.php?rest_route=%2Fwp%2Fv2%2Fmedia&parent=740"}],"curies":[{"name":"wp","href":"https:\/\/api.w.org\/{rel}","templated":true}]}}