{"id":741,"date":"2019-11-04T13:10:34","date_gmt":"2019-11-04T13:10:34","guid":{"rendered":"http:\/\/fw-wbl.feuerwehr-weinboehla.de\/?page_id=741"},"modified":"2019-11-04T13:10:36","modified_gmt":"2019-11-04T13:10:36","slug":"einsatz-113-2019","status":"publish","type":"page","link":"https:\/\/feuerwehr-weinboehla.de\/?page_id=741","title":{"rendered":"Einsatz 113 &#8211; 2019"},"content":{"rendered":"\n<table class=\"wp-block-table has-subtle-light-gray-background-color has-fixed-layout has-background is-style-stripes\"><tbody><tr><td>Einsatzart<\/td><td>Brand<\/td><\/tr><tr><td>Einsatzstichwort<\/td><td>M\u00fclltonne<\/td><\/tr><tr><td>Einsatzort<\/td><td>S\u00f6rnewitzer Stra\u00dfe, Weinb\u00f6hla<\/td><\/tr><tr><td>Einsatzbeginn<\/td><td>28.08.2019 12:06<\/td><\/tr><tr><td>Einsatzende<\/td><td>28.08.2019 12:35<\/td><\/tr><tr><td>Einsatzkr\u00e4fte<\/td><td>8<\/td><\/tr><tr><td>Fahrzeuge<\/td><td>LF<\/td><\/tr><tr><td>Weitere Kr\u00e4fte<\/td><td>&#8212;<\/td><\/tr><tr><td>Einsatzbericht<\/td><td>M\u00fclltonne bereits vor Ankunft gel\u00f6scht, kein Handlungsbedarf f\u00fcr Feuerwehr<\/td><\/tr><tr><td>Links<\/td><td>&#8212;<\/td><\/tr><\/tbody><\/table>\n\n\n\n<iframe loading=\"lazy\" src=\"https:\/\/www.google.com\/maps\/embed?pb=!1m18!1m12!1m3!1d3190.2896797048966!2d13.558697816040725!3d51.15089594452678!2m3!1f0!2f0!3f0!3m2!1i1024!2i768!4f13.1!3m3!1m2!1s0x4709d41e8329fe5b%3A0x6f747b042907ab21!2sS%C3%B6rnewitzer%20Str.%2C%20Weinb%C3%B6hla!5e1!3m2!1sde!2sde!4v1572873020483!5m2!1sde!2sde\" width=\"600\" height=\"450\" frameborder=\"0\" style=\"border:0;\" allowfullscreen=\"\"><\/iframe>\n","protected":false},"excerpt":{"rendered":"<p>Einsatzart Brand Einsatzstichwort M\u00fclltonne Einsatzort S\u00f6rnewitzer Stra\u00dfe, Weinb\u00f6hla Einsatzbeginn 28.08.2019 12:06 Einsatzende 28.08.2019 12:35 Einsatzkr\u00e4fte 8 Fahrzeuge LF Weitere Kr\u00e4fte &#8212; Einsatzbericht M\u00fclltonne bereits vor Ankunft gel\u00f6scht, kein Handlungsbedarf f\u00fcr Feuerwehr Links &#8212;<\/p>\n","protected":false},"author":1,"featured_media":0,"parent":0,"menu_order":0,"comment_status":"closed","ping_status":"closed","template":"","meta":{"footnotes":""},"class_list":["post-741","page","type-page","status-publish","hentry"],"_links":{"self":[{"href":"https:\/\/feuerwehr-weinboehla.de\/index.php?rest_route=\/wp\/v2\/pages\/741","targetHints":{"allow":["GET"]}}],"collection":[{"href":"https:\/\/feuerwehr-weinboehla.de\/index.php?rest_route=\/wp\/v2\/pages"}],"about":[{"href":"https:\/\/feuerwehr-weinboehla.de\/index.php?rest_route=\/wp\/v2\/types\/page"}],"author":[{"embeddable":true,"href":"https:\/\/feuerwehr-weinboehla.de\/index.php?rest_route=\/wp\/v2\/users\/1"}],"replies":[{"embeddable":true,"href":"https:\/\/feuerwehr-weinboehla.de\/index.php?rest_route=%2Fwp%2Fv2%2Fcomments&post=741"}],"version-history":[{"count":1,"href":"https:\/\/feuerwehr-weinboehla.de\/index.php?rest_route=\/wp\/v2\/pages\/741\/revisions"}],"predecessor-version":[{"id":757,"href":"https:\/\/feuerwehr-weinboehla.de\/index.php?rest_route=\/wp\/v2\/pages\/741\/revisions\/757"}],"wp:attachment":[{"href":"https:\/\/feuerwehr-weinboehla.de\/index.php?rest_route=%2Fwp%2Fv2%2Fmedia&parent=741"}],"curies":[{"name":"wp","href":"https:\/\/api.w.org\/{rel}","templated":true}]}}