{"id":743,"date":"2019-11-04T13:14:55","date_gmt":"2019-11-04T13:14:55","guid":{"rendered":"http:\/\/fw-wbl.feuerwehr-weinboehla.de\/?page_id=743"},"modified":"2019-11-04T13:14:56","modified_gmt":"2019-11-04T13:14:56","slug":"einsatz-115-2019","status":"publish","type":"page","link":"https:\/\/feuerwehr-weinboehla.de\/?page_id=743","title":{"rendered":"Einsatz 115 &#8211; 2019"},"content":{"rendered":"\n<table class=\"wp-block-table has-subtle-light-gray-background-color has-fixed-layout has-background is-style-stripes\"><tbody><tr><td>Einsatzart<\/td><td>Brand<\/td><\/tr><tr><td>Einsatzstichwort<\/td><td>Brandmeldeanlage<\/td><\/tr><tr><td>Einsatzort<\/td><td>Advita Waldhotel<\/td><\/tr><tr><td>Einsatzbeginn<\/td><td>28.08.2019 16:40<\/td><\/tr><tr><td>Einsatzende<\/td><td>28.08.2019 17:20<\/td><\/tr><tr><td>Einsatzkr\u00e4fte<\/td><td>15<\/td><\/tr><tr><td>Fahrzeuge<\/td><td>LF, TLF, TLK<\/td><\/tr><tr><td>Weitere Kr\u00e4fte<\/td><td>FF Niederau<\/td><\/tr><tr><td>Einsatzbericht<\/td><td>keine Feststellung, Anlage zur\u00fcckgesetzt <\/td><\/tr><tr><td>Links<\/td><td>&#8212;<\/td><\/tr><\/tbody><\/table>\n\n\n\n<iframe loading=\"lazy\" src=\"https:\/\/www.google.com\/maps\/embed?pb=!1m18!1m12!1m3!1d3190.424882866575!2d13.567063015976347!3d51.14894154466896!2m3!1f0!2f0!3f0!3m2!1i1024!2i768!4f13.1!3m3!1m2!1s0x4709d40250e7b02b%3A0x5048d4d7d250224d!2sadvita%20Haus%20Weinb%C3%B6hla!5e1!3m2!1sde!2sde!4v1572873285154!5m2!1sde!2sde\" width=\"600\" height=\"450\" frameborder=\"0\" style=\"border:0;\" allowfullscreen=\"\"><\/iframe>\n","protected":false},"excerpt":{"rendered":"<p>Einsatzart Brand Einsatzstichwort Brandmeldeanlage Einsatzort Advita Waldhotel Einsatzbeginn 28.08.2019 16:40 Einsatzende 28.08.2019 17:20 Einsatzkr\u00e4fte 15 Fahrzeuge LF, TLF, TLK Weitere Kr\u00e4fte FF Niederau Einsatzbericht keine Feststellung, Anlage zur\u00fcckgesetzt Links &#8212;<\/p>\n","protected":false},"author":1,"featured_media":0,"parent":0,"menu_order":0,"comment_status":"closed","ping_status":"closed","template":"","meta":{"footnotes":""},"class_list":["post-743","page","type-page","status-publish","hentry"],"_links":{"self":[{"href":"https:\/\/feuerwehr-weinboehla.de\/index.php?rest_route=\/wp\/v2\/pages\/743","targetHints":{"allow":["GET"]}}],"collection":[{"href":"https:\/\/feuerwehr-weinboehla.de\/index.php?rest_route=\/wp\/v2\/pages"}],"about":[{"href":"https:\/\/feuerwehr-weinboehla.de\/index.php?rest_route=\/wp\/v2\/types\/page"}],"author":[{"embeddable":true,"href":"https:\/\/feuerwehr-weinboehla.de\/index.php?rest_route=\/wp\/v2\/users\/1"}],"replies":[{"embeddable":true,"href":"https:\/\/feuerwehr-weinboehla.de\/index.php?rest_route=%2Fwp%2Fv2%2Fcomments&post=743"}],"version-history":[{"count":1,"href":"https:\/\/feuerwehr-weinboehla.de\/index.php?rest_route=\/wp\/v2\/pages\/743\/revisions"}],"predecessor-version":[{"id":761,"href":"https:\/\/feuerwehr-weinboehla.de\/index.php?rest_route=\/wp\/v2\/pages\/743\/revisions\/761"}],"wp:attachment":[{"href":"https:\/\/feuerwehr-weinboehla.de\/index.php?rest_route=%2Fwp%2Fv2%2Fmedia&parent=743"}],"curies":[{"name":"wp","href":"https:\/\/api.w.org\/{rel}","templated":true}]}}