{"id":746,"date":"2019-11-04T13:49:04","date_gmt":"2019-11-04T13:49:04","guid":{"rendered":"http:\/\/fw-wbl.feuerwehr-weinboehla.de\/?page_id=746"},"modified":"2019-11-04T13:49:05","modified_gmt":"2019-11-04T13:49:05","slug":"einsatz-118-2019","status":"publish","type":"page","link":"https:\/\/feuerwehr-weinboehla.de\/?page_id=746","title":{"rendered":"Einsatz 118 &#8211; 2019"},"content":{"rendered":"\n<table class=\"wp-block-table has-subtle-light-gray-background-color has-fixed-layout has-background is-style-stripes\"><tbody><tr><td>Einsatzart<\/td><td>Hilfeleistung <\/td><\/tr><tr><td>Einsatzstichwort<\/td><td>\u00d6lspur<\/td><\/tr><tr><td>Einsatzort<\/td><td>Friedensstra\u00dfe, Weinb\u00f6hla<\/td><\/tr><tr><td>Einsatzbeginn<\/td><td>07.09.2019 09:02<\/td><\/tr><tr><td>Einsatzende<\/td><td>07.09.2019 09:15<\/td><\/tr><tr><td>Einsatzkr\u00e4fte<\/td><td>4<\/td><\/tr><tr><td>Fahrzeuge<\/td><td>VRW<\/td><\/tr><tr><td>Weitere Kr\u00e4fte<\/td><td>Firma Walther<\/td><\/tr><tr><td>Einsatzbericht<\/td><td>\u00d6lspur an Firma Walther \u00fcbergeben<\/td><\/tr><tr><td>Links<\/td><td>&#8212;<\/td><\/tr><\/tbody><\/table>\n\n\n\n<iframe loading=\"lazy\" src=\"https:\/\/www.google.com\/maps\/embed?pb=!1m18!1m12!1m3!1d3189.804464575992!2d13.571884515976693!3d51.157915644016164!2m3!1f0!2f0!3f0!3m2!1i1024!2i768!4f13.1!3m3!1m2!1s0x4709d40f706634e1%3A0x3c3c7f948c81982!2sFriedensstra%C3%9Fe%2C%2001689%20Weinb%C3%B6hla!5e1!3m2!1sde!2sde!4v1572875334784!5m2!1sde!2sde\" width=\"600\" height=\"450\" frameborder=\"0\" style=\"border:0;\" allowfullscreen=\"\"><\/iframe>\n","protected":false},"excerpt":{"rendered":"<p>Einsatzart Hilfeleistung Einsatzstichwort \u00d6lspur Einsatzort Friedensstra\u00dfe, Weinb\u00f6hla Einsatzbeginn 07.09.2019 09:02 Einsatzende 07.09.2019 09:15 Einsatzkr\u00e4fte 4 Fahrzeuge VRW Weitere Kr\u00e4fte Firma Walther Einsatzbericht \u00d6lspur an Firma Walther \u00fcbergeben Links &#8212;<\/p>\n","protected":false},"author":1,"featured_media":0,"parent":0,"menu_order":0,"comment_status":"closed","ping_status":"closed","template":"","meta":{"footnotes":""},"class_list":["post-746","page","type-page","status-publish","hentry"],"_links":{"self":[{"href":"https:\/\/feuerwehr-weinboehla.de\/index.php?rest_route=\/wp\/v2\/pages\/746","targetHints":{"allow":["GET"]}}],"collection":[{"href":"https:\/\/feuerwehr-weinboehla.de\/index.php?rest_route=\/wp\/v2\/pages"}],"about":[{"href":"https:\/\/feuerwehr-weinboehla.de\/index.php?rest_route=\/wp\/v2\/types\/page"}],"author":[{"embeddable":true,"href":"https:\/\/feuerwehr-weinboehla.de\/index.php?rest_route=\/wp\/v2\/users\/1"}],"replies":[{"embeddable":true,"href":"https:\/\/feuerwehr-weinboehla.de\/index.php?rest_route=%2Fwp%2Fv2%2Fcomments&post=746"}],"version-history":[{"count":1,"href":"https:\/\/feuerwehr-weinboehla.de\/index.php?rest_route=\/wp\/v2\/pages\/746\/revisions"}],"predecessor-version":[{"id":767,"href":"https:\/\/feuerwehr-weinboehla.de\/index.php?rest_route=\/wp\/v2\/pages\/746\/revisions\/767"}],"wp:attachment":[{"href":"https:\/\/feuerwehr-weinboehla.de\/index.php?rest_route=%2Fwp%2Fv2%2Fmedia&parent=746"}],"curies":[{"name":"wp","href":"https:\/\/api.w.org\/{rel}","templated":true}]}}