{"id":747,"date":"2019-11-04T13:51:15","date_gmt":"2019-11-04T13:51:15","guid":{"rendered":"http:\/\/fw-wbl.feuerwehr-weinboehla.de\/?page_id=747"},"modified":"2019-11-04T13:59:07","modified_gmt":"2019-11-04T13:59:07","slug":"einsatz-119-2019","status":"publish","type":"page","link":"https:\/\/feuerwehr-weinboehla.de\/?page_id=747","title":{"rendered":"Einsatz 121 &#8211; 2019"},"content":{"rendered":"\n<table class=\"wp-block-table has-subtle-light-gray-background-color has-fixed-layout has-background is-style-stripes\"><tbody><tr><td>Einsatzart<\/td><td>Brand<\/td><\/tr><tr><td>Einsatzstichwort<\/td><td>Brandmeldeanlage<\/td><\/tr><tr><td>Einsatzort<\/td><td>Grundschule Weinb\u00f6hla<\/td><\/tr><tr><td>Einsatzbeginn<\/td><td>24.09.2019 10:52<\/td><\/tr><tr><td>Einsatzende<\/td><td>24.09.2019 &#8211;:&#8211;<\/td><\/tr><tr><td>Einsatzkr\u00e4fte<\/td><td>11<\/td><\/tr><tr><td>Fahrzeuge<\/td><td>LF,KDOW,TLK<\/td><\/tr><tr><td>Weitere Kr\u00e4fte<\/td><td>&#8212;<\/td><\/tr><tr><td>Einsatzbericht<\/td><td>ausgel\u00f6ste Brandmeldeanlage, vor Ort konnte keine Feststellung gemacht werden <\/td><\/tr><tr><td>Links<\/td><td>&#8212;<\/td><\/tr><\/tbody><\/table>\n\n\n\n<iframe loading=\"lazy\" src=\"https:\/\/www.google.com\/maps\/embed?pb=!1m18!1m12!1m3!1d3190.6918416925305!2d13.57269971597625!3d51.145079744950074!2m3!1f0!2f0!3f0!3m2!1i1024!2i768!4f13.1!3m3!1m2!1s0x4709d6aadbbe5c5f%3A0xd9327abf52d1f482!2sSteinbacher%20Weg%2C%2001640%20Coswig!5e1!3m2!1sde!2sde!4v1572875463035!5m2!1sde!2sde\" style=\"border:0;\" allowfullscreen=\"\" width=\"600\" height=\"450\" frameborder=\"0\"><\/iframe>\n","protected":false},"excerpt":{"rendered":"<p>Einsatzart Brand Einsatzstichwort Brandmeldeanlage Einsatzort Grundschule Weinb\u00f6hla Einsatzbeginn 24.09.2019 10:52 Einsatzende 24.09.2019 &#8211;:&#8211; Einsatzkr\u00e4fte 11 Fahrzeuge LF,KDOW,TLK Weitere Kr\u00e4fte &#8212; Einsatzbericht ausgel\u00f6ste Brandmeldeanlage, vor Ort konnte keine Feststellung gemacht werden Links &#8212;<\/p>\n","protected":false},"author":1,"featured_media":0,"parent":0,"menu_order":0,"comment_status":"closed","ping_status":"closed","template":"","meta":{"footnotes":""},"class_list":["post-747","page","type-page","status-publish","hentry"],"_links":{"self":[{"href":"https:\/\/feuerwehr-weinboehla.de\/index.php?rest_route=\/wp\/v2\/pages\/747","targetHints":{"allow":["GET"]}}],"collection":[{"href":"https:\/\/feuerwehr-weinboehla.de\/index.php?rest_route=\/wp\/v2\/pages"}],"about":[{"href":"https:\/\/feuerwehr-weinboehla.de\/index.php?rest_route=\/wp\/v2\/types\/page"}],"author":[{"embeddable":true,"href":"https:\/\/feuerwehr-weinboehla.de\/index.php?rest_route=\/wp\/v2\/users\/1"}],"replies":[{"embeddable":true,"href":"https:\/\/feuerwehr-weinboehla.de\/index.php?rest_route=%2Fwp%2Fv2%2Fcomments&post=747"}],"version-history":[{"count":2,"href":"https:\/\/feuerwehr-weinboehla.de\/index.php?rest_route=\/wp\/v2\/pages\/747\/revisions"}],"predecessor-version":[{"id":775,"href":"https:\/\/feuerwehr-weinboehla.de\/index.php?rest_route=\/wp\/v2\/pages\/747\/revisions\/775"}],"wp:attachment":[{"href":"https:\/\/feuerwehr-weinboehla.de\/index.php?rest_route=%2Fwp%2Fv2%2Fmedia&parent=747"}],"curies":[{"name":"wp","href":"https:\/\/api.w.org\/{rel}","templated":true}]}}