{"id":771,"date":"2019-11-04T13:52:49","date_gmt":"2019-11-04T13:52:49","guid":{"rendered":"http:\/\/fw-wbl.feuerwehr-weinboehla.de\/?page_id=771"},"modified":"2019-11-04T13:59:06","modified_gmt":"2019-11-04T13:59:06","slug":"einsatz-120-2019","status":"publish","type":"page","link":"https:\/\/feuerwehr-weinboehla.de\/?page_id=771","title":{"rendered":"Einsatz 120 &#8211; 2019"},"content":{"rendered":"\n<table class=\"wp-block-table has-subtle-light-gray-background-color has-fixed-layout has-background is-style-stripes\"><tbody><tr><td>Einsatzart<\/td><td>Brand<\/td><\/tr><tr><td>Einsatzstichwort<\/td><td>Bungalow<\/td><\/tr><tr><td>Einsatzort<\/td><td>Steinbacher Weg, Coswig<\/td><\/tr><tr><td>Einsatzbeginn<\/td><td>22.09.2019 06:39<\/td><\/tr><tr><td>Einsatzende<\/td><td>22.09.2019 07:15<\/td><\/tr><tr><td>Einsatzkr\u00e4fte<\/td><td>9<\/td><\/tr><tr><td>Fahrzeuge<\/td><td>TLF, TLK<\/td><\/tr><tr><td>Weitere Kr\u00e4fte<\/td><td>FF Coswig<\/td><\/tr><tr><td>Einsatzbericht<\/td><td>Nachl\u00f6scharbeiten nach Bungalowbrand<\/td><\/tr><tr><td>Links<\/td><td>&#8212;<\/td><\/tr><\/tbody><\/table>\n\n\n\n<iframe loading=\"lazy\" src=\"https:\/\/www.google.com\/maps\/embed?pb=!1m18!1m12!1m3!1d3190.6918416925305!2d13.57269971597625!3d51.145079744950074!2m3!1f0!2f0!3f0!3m2!1i1024!2i768!4f13.1!3m3!1m2!1s0x4709d6aadbbe5c5f%3A0xd9327abf52d1f482!2sSteinbacher%20Weg%2C%2001640%20Coswig!5e1!3m2!1sde!2sde!4v1572875463035!5m2!1sde!2sde\" style=\"border:0;\" allowfullscreen=\"\" width=\"600\" height=\"450\" frameborder=\"0\"><\/iframe>\n","protected":false},"excerpt":{"rendered":"<p>Einsatzart Brand Einsatzstichwort Bungalow Einsatzort Steinbacher Weg, Coswig Einsatzbeginn 22.09.2019 06:39 Einsatzende 22.09.2019 07:15 Einsatzkr\u00e4fte 9 Fahrzeuge TLF, TLK Weitere Kr\u00e4fte FF Coswig Einsatzbericht Nachl\u00f6scharbeiten nach Bungalowbrand Links &#8212;<\/p>\n","protected":false},"author":1,"featured_media":0,"parent":0,"menu_order":0,"comment_status":"closed","ping_status":"closed","template":"","meta":{"footnotes":""},"class_list":["post-771","page","type-page","status-publish","hentry"],"_links":{"self":[{"href":"https:\/\/feuerwehr-weinboehla.de\/index.php?rest_route=\/wp\/v2\/pages\/771","targetHints":{"allow":["GET"]}}],"collection":[{"href":"https:\/\/feuerwehr-weinboehla.de\/index.php?rest_route=\/wp\/v2\/pages"}],"about":[{"href":"https:\/\/feuerwehr-weinboehla.de\/index.php?rest_route=\/wp\/v2\/types\/page"}],"author":[{"embeddable":true,"href":"https:\/\/feuerwehr-weinboehla.de\/index.php?rest_route=\/wp\/v2\/users\/1"}],"replies":[{"embeddable":true,"href":"https:\/\/feuerwehr-weinboehla.de\/index.php?rest_route=%2Fwp%2Fv2%2Fcomments&post=771"}],"version-history":[{"count":2,"href":"https:\/\/feuerwehr-weinboehla.de\/index.php?rest_route=\/wp\/v2\/pages\/771\/revisions"}],"predecessor-version":[{"id":774,"href":"https:\/\/feuerwehr-weinboehla.de\/index.php?rest_route=\/wp\/v2\/pages\/771\/revisions\/774"}],"wp:attachment":[{"href":"https:\/\/feuerwehr-weinboehla.de\/index.php?rest_route=%2Fwp%2Fv2%2Fmedia&parent=771"}],"curies":[{"name":"wp","href":"https:\/\/api.w.org\/{rel}","templated":true}]}}