{"id":93,"date":"2019-07-13T12:20:26","date_gmt":"2019-07-13T12:20:26","guid":{"rendered":"http:\/\/fw-wbl.feuerwehr-weinboehla.de\/?page_id=93"},"modified":"2022-11-09T15:01:04","modified_gmt":"2022-11-09T15:01:04","slug":"geraetehaus","status":"publish","type":"page","link":"https:\/\/feuerwehr-weinboehla.de\/?page_id=93","title":{"rendered":"Ger\u00e4tehaus"},"content":{"rendered":"<h1 id=\"imPgTitle\">\u00a0<\/h1>\n<p style=\"text-align: center;\">Unser Feuerwehr wurde im Jahre 1902 gegr\u00fcndet. Das erste Ger\u00e4tehaus befand sich zur damaligen Zeit im Nebengeb\u00e4ude des Rathauses. 1916 ging der Bau des neuen Ger\u00e4tehauses auf der Friedensstra\u00dfe zu Ende. Es wurde ein massives Geb\u00e4ude mit Steigerturm und einer Schlauchw\u00e4sche gebaut. Nach 89 Jahren war es dann im Jahr 2005 soweit, die Kameraden konnten ein saniertes mit neuem Anbau errichtetes Ger\u00e4tehaus in Besitz nehmen.<\/p>\n<p style=\"text-align: center;\">Wenn wir uns heute die Bilder von damals anschauen, schweben viele Gedanken, vor allem der \u00e4lteren Kameraden, in den Erinnerungen. Wie war es damals, mit nur einer Toilette oder in der Fahrzeughalle, wo man beim Umziehen aufpassen musste, dass man von heraus fahrenden Fahrzeugen nicht gestreift wurde. Aber so waren die Zeiten. Die Probleme lagen nicht am Bau von unserem Ger\u00e4tehaus, sondern die Fahrzeuge wurden immer gr\u00f6\u00dfer und breiter. Aber alles hat ja wohl auch mal eine Ende.<\/p>\n<p>\u00a0<\/p>\n<p>Nach der Sanierung bzw. Umbau unseres Ger\u00e4tehauses, haben wir nun ausreichend Platz f\u00fcr alle Abteilungen. Sind es beispielsweise die R\u00e4umlichkeiten f\u00fcr den Atemschutzger\u00e4tewart, den Ger\u00e4tewart und den Wehrleiter. Auch die Jugendfeuerwehr bekam ihr &#8222;eigenes Reich&#8220;. Mit dem Umbau wurde alles dem heutigen Standart angepasst. So wurden Nasszellen errichtet, dass man nach Eins\u00e4tzen Duschen kann. Es entstand ein moderner Sanit\u00e4rtrakt. Der alte Anbau, worin sich unser Schulungsraum befand, wurde komplett abgerissen. Dort entstand die neue <a href=\"http:\/\/www.feuerwehr-weinboehla.de\/files\/Wache---Halle-vorn--4-.JPG\">Fahrzeughalle <\/a>und ein Waschplatz wo wir unsere Einsatzfahrzeuge auch waschen k\u00f6nnen.<br \/>Wo einst die 3 Fahrzeughallen waren, befindet sich nun der Sanit\u00e4rbereich, der <a href=\"http:\/\/www.feuerwehr-weinboehla.de\/files\/Wache---Bereitschaftsraum.JPG\">Bereitschaftsraum <\/a>und die <a href=\"http:\/\/www.feuerwehr-weinboehla.de\/files\/Wache---Leitstand.JPG\">Zentrale<\/a>. \u00dcber den neuen Fahrzeughallen wurden mehrere R\u00e4umlichkeiten geschaffen. Dort befindet sich der <a href=\"http:\/\/www.feuerwehr-weinboehla.de\/files\/Wache---Schulungsraum--2-.JPG\">gro\u00dfen Schulungsraum<\/a> (teilbar), der <a href=\"http:\/\/www.feuerwehr-weinboehla.de\/files\/Wache---JF-Raum--2-.JPG\">Schulungsraum der Jugendfeuerwehr<\/a>, nebenan die dazugeh\u00f6rigen <a href=\"http:\/\/www.feuerwehr-weinboehla.de\/files\/Wache---JF-Umkleide.JPG\">Umkleider\u00e4ume<\/a>. Des weiteren befindet sich im Obergeschoss der Atemschutz- und <a href=\"http:\/\/www.feuerwehr-weinboehla.de\/files\/Wache---Saniraum.JPG\">Sanit\u00e4tsraum<\/a>, eine <a href=\"http:\/\/www.feuerwehr-weinboehla.de\/files\/Wache---Kueche.JPG\">K\u00fcche <\/a>und das Zimmer des <a href=\"http:\/\/www.feuerwehr-weinboehla.de\/files\/Wache---Wehrleiter.JPG\">Wehrleiter<\/a>s, sowie weitere Toiletten. Auf gleicher Ebene im neu sanierten Altbau befindet sich ein Raum f\u00fcr die <a href=\"http:\/\/www.feuerwehr-weinboehla.de\/files\/Wache---Altersabteilung.JPG\">Alters- und Ehrenabteilung<\/a> und die Bekleidungskammer.<br \/>Im <a href=\"http:\/\/www.feuerwehr-weinboehla.de\/files\/Wache---Geraetehaus--3-.JPG\">Au\u00dfenbereich <\/a>gab es einige Ver\u00e4nderungen. Es entstand ein <a href=\"http:\/\/www.feuerwehr-weinboehla.de\/files\/Wache---Geraetehaus--6-.JPG\">Carport <\/a>und die Gr\u00fcnfl\u00e4chen wurden gestaltet. Die <a href=\"http:\/\/www.feuerwehr-weinboehla.de\/files\/Wache---Halle-hinten.JPG\">hinteren Fahrzeughallen<\/a> wurden saniert.<\/p>\n<p>Viele Arbeiten wurden durch viele Arbeitsstunden von unseren Kameraden erledigt.<\/p>\n<p>\u00a0<\/p>\n\n\n<div class=\"wp-block-columns is-layout-flex wp-container-core-columns-is-layout-9d6595d7 wp-block-columns-is-layout-flex\">\n<div class=\"wp-block-column is-layout-flow wp-block-column-is-layout-flow\">\n<figure class=\"wp-block-gallery has-nested-images columns-default is-cropped wp-block-gallery-1 is-layout-flex wp-block-gallery-is-layout-flex\">\n<figure class=\"wp-block-image size-large\"><img loading=\"lazy\" decoding=\"async\" width=\"200\" height=\"200\" data-id=\"95\" src=\"https:\/\/feuerwehr-weinboehla.de\/wp-content\/uploads\/2019\/07\/Wache-Altersabteilung_thumb.png\" alt=\"\" class=\"wp-image-95\" srcset=\"https:\/\/feuerwehr-weinboehla.de\/wp-content\/uploads\/2019\/07\/Wache-Altersabteilung_thumb.png 200w, https:\/\/feuerwehr-weinboehla.de\/wp-content\/uploads\/2019\/07\/Wache-Altersabteilung_thumb-150x150.png 150w, https:\/\/feuerwehr-weinboehla.de\/wp-content\/uploads\/2019\/07\/Wache-Altersabteilung_thumb-100x100.png 100w\" sizes=\"auto, (max-width: 200px) 100vw, 200px\" \/><figcaption>Schulungsraum Alters und Ehrenabteilung<\/figcaption><\/figure>\n\n\n\n<figure class=\"wp-block-image size-large\"><img loading=\"lazy\" decoding=\"async\" width=\"200\" height=\"200\" data-id=\"96\" src=\"https:\/\/feuerwehr-weinboehla.de\/wp-content\/uploads\/2019\/07\/Wache-Bereitschaftsraum_thumb.png\" alt=\"\" class=\"wp-image-96\" srcset=\"https:\/\/feuerwehr-weinboehla.de\/wp-content\/uploads\/2019\/07\/Wache-Bereitschaftsraum_thumb.png 200w, https:\/\/feuerwehr-weinboehla.de\/wp-content\/uploads\/2019\/07\/Wache-Bereitschaftsraum_thumb-150x150.png 150w, https:\/\/feuerwehr-weinboehla.de\/wp-content\/uploads\/2019\/07\/Wache-Bereitschaftsraum_thumb-100x100.png 100w\" sizes=\"auto, (max-width: 200px) 100vw, 200px\" \/><figcaption>Bereitschaftsraum <\/figcaption><\/figure>\n\n\n\n<figure class=\"wp-block-image size-large\"><img loading=\"lazy\" decoding=\"async\" width=\"200\" height=\"200\" data-id=\"110\" src=\"https:\/\/feuerwehr-weinboehla.de\/wp-content\/uploads\/2019\/07\/Wache-Leitstand_thumb.png\" alt=\"\" class=\"wp-image-110\" srcset=\"https:\/\/feuerwehr-weinboehla.de\/wp-content\/uploads\/2019\/07\/Wache-Leitstand_thumb.png 200w, https:\/\/feuerwehr-weinboehla.de\/wp-content\/uploads\/2019\/07\/Wache-Leitstand_thumb-150x150.png 150w, https:\/\/feuerwehr-weinboehla.de\/wp-content\/uploads\/2019\/07\/Wache-Leitstand_thumb-100x100.png 100w\" sizes=\"auto, (max-width: 200px) 100vw, 200px\" \/><figcaption>Ortsfeste Befehlsleitstelle<\/figcaption><\/figure>\n\n\n\n<figure class=\"wp-block-image size-large\"><img loading=\"lazy\" decoding=\"async\" width=\"200\" height=\"200\" data-id=\"105\" src=\"https:\/\/feuerwehr-weinboehla.de\/wp-content\/uploads\/2019\/07\/Wache-Halle-vorn-5-_thumb.png\" alt=\"\" class=\"wp-image-105\" srcset=\"https:\/\/feuerwehr-weinboehla.de\/wp-content\/uploads\/2019\/07\/Wache-Halle-vorn-5-_thumb.png 200w, https:\/\/feuerwehr-weinboehla.de\/wp-content\/uploads\/2019\/07\/Wache-Halle-vorn-5-_thumb-150x150.png 150w, https:\/\/feuerwehr-weinboehla.de\/wp-content\/uploads\/2019\/07\/Wache-Halle-vorn-5-_thumb-100x100.png 100w\" sizes=\"auto, (max-width: 200px) 100vw, 200px\" \/><figcaption>Fahrzeughalle vorne<\/figcaption><\/figure>\n\n\n\n<figure class=\"wp-block-image size-large\"><img loading=\"lazy\" decoding=\"async\" width=\"200\" height=\"200\" data-id=\"114\" src=\"https:\/\/feuerwehr-weinboehla.de\/wp-content\/uploads\/2019\/07\/Wache-Schlauchlager_thumb.png\" alt=\"\" class=\"wp-image-114\" srcset=\"https:\/\/feuerwehr-weinboehla.de\/wp-content\/uploads\/2019\/07\/Wache-Schlauchlager_thumb.png 200w, https:\/\/feuerwehr-weinboehla.de\/wp-content\/uploads\/2019\/07\/Wache-Schlauchlager_thumb-150x150.png 150w, https:\/\/feuerwehr-weinboehla.de\/wp-content\/uploads\/2019\/07\/Wache-Schlauchlager_thumb-100x100.png 100w\" sizes=\"auto, (max-width: 200px) 100vw, 200px\" \/><figcaption>Schlauchlager<\/figcaption><\/figure>\n\n\n\n<figure class=\"wp-block-image size-large\"><img loading=\"lazy\" decoding=\"async\" width=\"200\" height=\"200\" data-id=\"103\" src=\"https:\/\/feuerwehr-weinboehla.de\/wp-content\/uploads\/2019\/07\/Wache-Halle-vorn-2-_thumb.png\" alt=\"\" class=\"wp-image-103\" srcset=\"https:\/\/feuerwehr-weinboehla.de\/wp-content\/uploads\/2019\/07\/Wache-Halle-vorn-2-_thumb.png 200w, https:\/\/feuerwehr-weinboehla.de\/wp-content\/uploads\/2019\/07\/Wache-Halle-vorn-2-_thumb-150x150.png 150w, https:\/\/feuerwehr-weinboehla.de\/wp-content\/uploads\/2019\/07\/Wache-Halle-vorn-2-_thumb-100x100.png 100w\" sizes=\"auto, (max-width: 200px) 100vw, 200px\" \/><figcaption>Fahrzeughalle vorne<\/figcaption><\/figure>\n\n\n\n<figure class=\"wp-block-image size-large\"><img loading=\"lazy\" decoding=\"async\" width=\"200\" height=\"200\" data-id=\"107\" src=\"https:\/\/feuerwehr-weinboehla.de\/wp-content\/uploads\/2019\/07\/Wache-JF-Raum-2-_thumb.png\" alt=\"\" class=\"wp-image-107\" srcset=\"https:\/\/feuerwehr-weinboehla.de\/wp-content\/uploads\/2019\/07\/Wache-JF-Raum-2-_thumb.png 200w, https:\/\/feuerwehr-weinboehla.de\/wp-content\/uploads\/2019\/07\/Wache-JF-Raum-2-_thumb-150x150.png 150w, https:\/\/feuerwehr-weinboehla.de\/wp-content\/uploads\/2019\/07\/Wache-JF-Raum-2-_thumb-100x100.png 100w\" sizes=\"auto, (max-width: 200px) 100vw, 200px\" \/><figcaption>Schulungsraum Jugendfeuerwehr<\/figcaption><\/figure>\n\n\n\n<figure class=\"wp-block-image size-large\"><img loading=\"lazy\" decoding=\"async\" width=\"200\" height=\"200\" data-id=\"108\" src=\"https:\/\/feuerwehr-weinboehla.de\/wp-content\/uploads\/2019\/07\/Wache-JF-Umkleide_thumb.png\" alt=\"\" class=\"wp-image-108\" srcset=\"https:\/\/feuerwehr-weinboehla.de\/wp-content\/uploads\/2019\/07\/Wache-JF-Umkleide_thumb.png 200w, https:\/\/feuerwehr-weinboehla.de\/wp-content\/uploads\/2019\/07\/Wache-JF-Umkleide_thumb-150x150.png 150w, https:\/\/feuerwehr-weinboehla.de\/wp-content\/uploads\/2019\/07\/Wache-JF-Umkleide_thumb-100x100.png 100w\" sizes=\"auto, (max-width: 200px) 100vw, 200px\" \/><figcaption>Umkleide JF<\/figcaption><\/figure>\n\n\n\n<figure class=\"wp-block-image size-large\"><img loading=\"lazy\" decoding=\"async\" width=\"200\" height=\"200\" data-id=\"109\" src=\"https:\/\/feuerwehr-weinboehla.de\/wp-content\/uploads\/2019\/07\/Wache-Kueche_thumb.png\" alt=\"\" class=\"wp-image-109\" srcset=\"https:\/\/feuerwehr-weinboehla.de\/wp-content\/uploads\/2019\/07\/Wache-Kueche_thumb.png 200w, https:\/\/feuerwehr-weinboehla.de\/wp-content\/uploads\/2019\/07\/Wache-Kueche_thumb-150x150.png 150w, https:\/\/feuerwehr-weinboehla.de\/wp-content\/uploads\/2019\/07\/Wache-Kueche_thumb-100x100.png 100w\" sizes=\"auto, (max-width: 200px) 100vw, 200px\" \/><figcaption>K\u00fcche<\/figcaption><\/figure>\n\n\n\n<figure class=\"wp-block-image size-large\"><img loading=\"lazy\" decoding=\"async\" width=\"200\" height=\"200\" data-id=\"112\" src=\"https:\/\/feuerwehr-weinboehla.de\/wp-content\/uploads\/2019\/07\/Wache-Notstrom_thumb.png\" alt=\"\" class=\"wp-image-112\" srcset=\"https:\/\/feuerwehr-weinboehla.de\/wp-content\/uploads\/2019\/07\/Wache-Notstrom_thumb.png 200w, https:\/\/feuerwehr-weinboehla.de\/wp-content\/uploads\/2019\/07\/Wache-Notstrom_thumb-150x150.png 150w, https:\/\/feuerwehr-weinboehla.de\/wp-content\/uploads\/2019\/07\/Wache-Notstrom_thumb-100x100.png 100w\" sizes=\"auto, (max-width: 200px) 100vw, 200px\" \/><figcaption>Notstromaggregat<\/figcaption><\/figure>\n\n\n\n<figure class=\"wp-block-image size-large\"><img loading=\"lazy\" decoding=\"async\" width=\"200\" height=\"200\" data-id=\"117\" src=\"https:\/\/feuerwehr-weinboehla.de\/wp-content\/uploads\/2019\/07\/Wache-Schulungsraum-3-_thumb.png\" alt=\"\" class=\"wp-image-117\" srcset=\"https:\/\/feuerwehr-weinboehla.de\/wp-content\/uploads\/2019\/07\/Wache-Schulungsraum-3-_thumb.png 200w, https:\/\/feuerwehr-weinboehla.de\/wp-content\/uploads\/2019\/07\/Wache-Schulungsraum-3-_thumb-150x150.png 150w, https:\/\/feuerwehr-weinboehla.de\/wp-content\/uploads\/2019\/07\/Wache-Schulungsraum-3-_thumb-100x100.png 100w\" sizes=\"auto, (max-width: 200px) 100vw, 200px\" \/><figcaption>Schulungsraum<\/figcaption><\/figure>\n\n\n\n<figure class=\"wp-block-image size-large\"><img loading=\"lazy\" decoding=\"async\" width=\"200\" height=\"200\" data-id=\"102\" src=\"https:\/\/feuerwehr-weinboehla.de\/wp-content\/uploads\/2019\/07\/Wache-Halle-vorn_thumb.png\" alt=\"\" class=\"wp-image-102\" srcset=\"https:\/\/feuerwehr-weinboehla.de\/wp-content\/uploads\/2019\/07\/Wache-Halle-vorn_thumb.png 200w, https:\/\/feuerwehr-weinboehla.de\/wp-content\/uploads\/2019\/07\/Wache-Halle-vorn_thumb-150x150.png 150w, https:\/\/feuerwehr-weinboehla.de\/wp-content\/uploads\/2019\/07\/Wache-Halle-vorn_thumb-100x100.png 100w\" sizes=\"auto, (max-width: 200px) 100vw, 200px\" \/><figcaption>Fahrzeughalle vorne<\/figcaption><\/figure>\n\n\n\n<figure class=\"wp-block-image size-large\"><img loading=\"lazy\" decoding=\"async\" width=\"200\" height=\"200\" data-id=\"98\" src=\"https:\/\/feuerwehr-weinboehla.de\/wp-content\/uploads\/2019\/07\/Wache-Geraetehaus-4-_thumb.png\" alt=\"\" class=\"wp-image-98\" srcset=\"https:\/\/feuerwehr-weinboehla.de\/wp-content\/uploads\/2019\/07\/Wache-Geraetehaus-4-_thumb.png 200w, https:\/\/feuerwehr-weinboehla.de\/wp-content\/uploads\/2019\/07\/Wache-Geraetehaus-4-_thumb-150x150.png 150w, https:\/\/feuerwehr-weinboehla.de\/wp-content\/uploads\/2019\/07\/Wache-Geraetehaus-4-_thumb-100x100.png 100w\" sizes=\"auto, (max-width: 200px) 100vw, 200px\" \/><figcaption>Fahrzeughalle Hinten<\/figcaption><\/figure>\n\n\n\n<figure class=\"wp-block-image size-large\"><img loading=\"lazy\" decoding=\"async\" width=\"200\" height=\"200\" data-id=\"99\" src=\"https:\/\/feuerwehr-weinboehla.de\/wp-content\/uploads\/2019\/07\/Wache-Geraetehaus-5-_thumb.png\" alt=\"\" class=\"wp-image-99\" srcset=\"https:\/\/feuerwehr-weinboehla.de\/wp-content\/uploads\/2019\/07\/Wache-Geraetehaus-5-_thumb.png 200w, https:\/\/feuerwehr-weinboehla.de\/wp-content\/uploads\/2019\/07\/Wache-Geraetehaus-5-_thumb-150x150.png 150w, https:\/\/feuerwehr-weinboehla.de\/wp-content\/uploads\/2019\/07\/Wache-Geraetehaus-5-_thumb-100x100.png 100w\" sizes=\"auto, (max-width: 200px) 100vw, 200px\" \/><figcaption>Schlauchturm<\/figcaption><\/figure>\n\n\n\n<figure class=\"wp-block-image size-large\"><img loading=\"lazy\" decoding=\"async\" width=\"200\" height=\"200\" data-id=\"100\" src=\"https:\/\/feuerwehr-weinboehla.de\/wp-content\/uploads\/2019\/07\/Wache-Geraetehaus-6-_thumb.png\" alt=\"\" class=\"wp-image-100\" srcset=\"https:\/\/feuerwehr-weinboehla.de\/wp-content\/uploads\/2019\/07\/Wache-Geraetehaus-6-_thumb.png 200w, https:\/\/feuerwehr-weinboehla.de\/wp-content\/uploads\/2019\/07\/Wache-Geraetehaus-6-_thumb-150x150.png 150w, https:\/\/feuerwehr-weinboehla.de\/wp-content\/uploads\/2019\/07\/Wache-Geraetehaus-6-_thumb-100x100.png 100w\" sizes=\"auto, (max-width: 200px) 100vw, 200px\" \/><figcaption>Sitzecke<\/figcaption><\/figure>\n\n\n\n<figure class=\"wp-block-image size-large\"><img loading=\"lazy\" decoding=\"async\" width=\"200\" height=\"200\" data-id=\"97\" src=\"https:\/\/feuerwehr-weinboehla.de\/wp-content\/uploads\/2019\/07\/Wache-Geraetehaus-3-_thumb.png\" alt=\"\" class=\"wp-image-97\" srcset=\"https:\/\/feuerwehr-weinboehla.de\/wp-content\/uploads\/2019\/07\/Wache-Geraetehaus-3-_thumb.png 200w, https:\/\/feuerwehr-weinboehla.de\/wp-content\/uploads\/2019\/07\/Wache-Geraetehaus-3-_thumb-150x150.png 150w, https:\/\/feuerwehr-weinboehla.de\/wp-content\/uploads\/2019\/07\/Wache-Geraetehaus-3-_thumb-100x100.png 100w\" sizes=\"auto, (max-width: 200px) 100vw, 200px\" \/><figcaption>Ger\u00e4tehaus von hinten<\/figcaption><\/figure>\n\n\n\n<figure class=\"wp-block-image size-large\"><img loading=\"lazy\" decoding=\"async\" width=\"1024\" height=\"681\" data-id=\"47\" src=\"https:\/\/feuerwehr-weinboehla.de\/wp-content\/uploads\/2016\/05\/Wache-1024x681.jpg\" alt=\"\" class=\"wp-image-47\" srcset=\"https:\/\/feuerwehr-weinboehla.de\/wp-content\/uploads\/2016\/05\/Wache-1024x681.jpg 1024w, https:\/\/feuerwehr-weinboehla.de\/wp-content\/uploads\/2016\/05\/Wache-300x199.jpg 300w, https:\/\/feuerwehr-weinboehla.de\/wp-content\/uploads\/2016\/05\/Wache-768x511.jpg 768w, https:\/\/feuerwehr-weinboehla.de\/wp-content\/uploads\/2016\/05\/Wache-900x598.jpg 900w\" sizes=\"auto, (max-width: 767px) 89vw, (max-width: 1000px) 54vw, (max-width: 1071px) 543px, 580px\" \/><figcaption>Ger\u00e4tehaus von vorne<\/figcaption><\/figure>\n<\/figure>\n<\/div>\n<\/div>\n","protected":false},"excerpt":{"rendered":"<p>\u00a0 Unser Feuerwehr wurde im Jahre 1902 gegr\u00fcndet. Das erste Ger\u00e4tehaus befand sich zur damaligen Zeit im Nebengeb\u00e4ude des Rathauses. 1916 ging der Bau des neuen Ger\u00e4tehauses auf der Friedensstra\u00dfe zu Ende. Es wurde ein massives Geb\u00e4ude mit Steigerturm und einer Schlauchw\u00e4sche gebaut. Nach 89 Jahren war es dann im Jahr 2005 soweit, die Kameraden &hellip; <\/p>\n<p class=\"link-more\"><a href=\"https:\/\/feuerwehr-weinboehla.de\/?page_id=93\" class=\"more-link\"><span class=\"screen-reader-text\">\u201eGer\u00e4tehaus\u201c <\/span>weiterlesen<\/a><\/p>\n","protected":false},"author":1,"featured_media":0,"parent":0,"menu_order":0,"comment_status":"closed","ping_status":"closed","template":"","meta":{"footnotes":""},"class_list":["post-93","page","type-page","status-publish","hentry"],"_links":{"self":[{"href":"https:\/\/feuerwehr-weinboehla.de\/index.php?rest_route=\/wp\/v2\/pages\/93","targetHints":{"allow":["GET"]}}],"collection":[{"href":"https:\/\/feuerwehr-weinboehla.de\/index.php?rest_route=\/wp\/v2\/pages"}],"about":[{"href":"https:\/\/feuerwehr-weinboehla.de\/index.php?rest_route=\/wp\/v2\/types\/page"}],"author":[{"embeddable":true,"href":"https:\/\/feuerwehr-weinboehla.de\/index.php?rest_route=\/wp\/v2\/users\/1"}],"replies":[{"embeddable":true,"href":"https:\/\/feuerwehr-weinboehla.de\/index.php?rest_route=%2Fwp%2Fv2%2Fcomments&post=93"}],"version-history":[{"count":13,"href":"https:\/\/feuerwehr-weinboehla.de\/index.php?rest_route=\/wp\/v2\/pages\/93\/revisions"}],"predecessor-version":[{"id":5037,"href":"https:\/\/feuerwehr-weinboehla.de\/index.php?rest_route=\/wp\/v2\/pages\/93\/revisions\/5037"}],"wp:attachment":[{"href":"https:\/\/feuerwehr-weinboehla.de\/index.php?rest_route=%2Fwp%2Fv2%2Fmedia&parent=93"}],"curies":[{"name":"wp","href":"https:\/\/api.w.org\/{rel}","templated":true}]}}